{"id":125,"date":"2023-10-08T19:00:13","date_gmt":"2023-10-08T17:00:13","guid":{"rendered":"https:\/\/fcmonswiller.fr\/wp\/?page_id=125"},"modified":"2024-06-02T12:31:29","modified_gmt":"2024-06-02T10:31:29","slug":"location","status":"publish","type":"page","link":"https:\/\/fcmonswiller.fr\/?page_id=125","title":{"rendered":"Location du club-house"},"content":{"rendered":"\n<p>Le club-house du FC Monswiller est disponible \u00e0 la location, sous condition qu&rsquo;il ne soit pas utilis\u00e9 pour les matchs ou manifestations du FCM.<br>Les tarifs sont les suivants :<br>    &#8211; Tarif public :     du 1er octobre au 31 mars : 350 \u20ac*<br>                              du 1er avril au 30 septembre : 320 \u20ac*<br>    &#8211; Tarif club : toutes p\u00e9riodes : 170 \u20ac*<br>                               *Poubelles comprises<br>Dans tous les cas, une caution de 500 \u20ac est demand\u00e9e.<br>Renseignements et r\u00e9servation aupr\u00e8s de Olivier THOMAS au 06 43 22 49 12.<\/p>\n\n\n\n<p>Vous pouvez t\u00e9l\u00e9charger le contrat de location ici : <a href=\"https:\/\/fcmonswiller.fr\/wp-content\/uploads\/2023\/11\/2324_Contrat_de_location.pdf\" data-type=\"attachment\" data-id=\"338\" target=\"_blank\" rel=\"noreferrer noopener\">Contrat de location<\/a> <\/p>\n","protected":false},"excerpt":{"rendered":"<p>Le club-house du FC Monswiller est disponible \u00e0 la location, sous condition qu&rsquo;il ne soit pas utilis\u00e9 pour les matchs ou manifestations du FCM.Les tarifs sont les suivants : &#8211; Tarif public : du 1er octobre au 31 mars : 350 \u20ac* du 1er avril au 30 septembre : 320 \u20ac* &#8211; Tarif club : [&hellip;]<\/p>\n","protected":false},"author":1,"featured_media":0,"parent":0,"menu_order":0,"comment_status":"closed","ping_status":"closed","template":"","meta":{"site-sidebar-layout":"default","site-content-layout":"","ast-site-content-layout":"","site-content-style":"default","site-sidebar-style":"default","ast-global-header-display":"","ast-banner-title-visibility":"","ast-main-header-display":"","ast-hfb-above-header-display":"","ast-hfb-below-header-display":"","ast-hfb-mobile-header-display":"","site-post-title":"","ast-breadcrumbs-content":"","ast-featured-img":"","footer-sml-layout":"","theme-transparent-header-meta":"","adv-header-id-meta":"","stick-header-meta":"","header-above-stick-meta":"","header-main-stick-meta":"","header-below-stick-meta":"","astra-migrate-meta-layouts":"default","ast-page-background-enabled":"default","ast-page-background-meta":{"desktop":{"background-color":"var(--ast-global-color-4)","background-image":"","background-repeat":"repeat","background-position":"center center","background-size":"auto","background-attachment":"scroll","background-type":"","background-media":"","overlay-type":"","overlay-color":"","overlay-opacity":"","overlay-gradient":""},"tablet":{"background-color":"","background-image":"","background-repeat":"repeat","background-position":"center center","background-size":"auto","background-attachment":"scroll","background-type":"","background-media":"","overlay-type":"","overlay-color":"","overlay-opacity":"","overlay-gradient":""},"mobile":{"background-color":"","background-image":"","background-repeat":"repeat","background-position":"center center","background-size":"auto","background-attachment":"scroll","background-type":"","background-media":"","overlay-type":"","overlay-color":"","overlay-opacity":"","overlay-gradient":""}},"ast-content-background-meta":{"desktop":{"background-color":"var(--ast-global-color-5)","background-image":"","background-repeat":"repeat","background-position":"center center","background-size":"auto","background-attachment":"scroll","background-type":"","background-media":"","overlay-type":"","overlay-color":"","overlay-opacity":"","overlay-gradient":""},"tablet":{"background-color":"var(--ast-global-color-5)","background-image":"","background-repeat":"repeat","background-position":"center center","background-size":"auto","background-attachment":"scroll","background-type":"","background-media":"","overlay-type":"","overlay-color":"","overlay-opacity":"","overlay-gradient":""},"mobile":{"background-color":"var(--ast-global-color-5)","background-image":"","background-repeat":"repeat","background-position":"center center","background-size":"auto","background-attachment":"scroll","background-type":"","background-media":"","overlay-type":"","overlay-color":"","overlay-opacity":"","overlay-gradient":""}},"footnotes":""},"class_list":["post-125","page","type-page","status-publish","hentry"],"_links":{"self":[{"href":"https:\/\/fcmonswiller.fr\/index.php?rest_route=\/wp\/v2\/pages\/125","targetHints":{"allow":["GET"]}}],"collection":[{"href":"https:\/\/fcmonswiller.fr\/index.php?rest_route=\/wp\/v2\/pages"}],"about":[{"href":"https:\/\/fcmonswiller.fr\/index.php?rest_route=\/wp\/v2\/types\/page"}],"author":[{"embeddable":true,"href":"https:\/\/fcmonswiller.fr\/index.php?rest_route=\/wp\/v2\/users\/1"}],"replies":[{"embeddable":true,"href":"https:\/\/fcmonswiller.fr\/index.php?rest_route=%2Fwp%2Fv2%2Fcomments&post=125"}],"version-history":[{"count":11,"href":"https:\/\/fcmonswiller.fr\/index.php?rest_route=\/wp\/v2\/pages\/125\/revisions"}],"predecessor-version":[{"id":665,"href":"https:\/\/fcmonswiller.fr\/index.php?rest_route=\/wp\/v2\/pages\/125\/revisions\/665"}],"wp:attachment":[{"href":"https:\/\/fcmonswiller.fr\/index.php?rest_route=%2Fwp%2Fv2%2Fmedia&parent=125"}],"curies":[{"name":"wp","href":"https:\/\/api.w.org\/{rel}","templated":true}]}}