{"id":34,"date":"2023-09-27T21:52:24","date_gmt":"2023-09-27T19:52:24","guid":{"rendered":"https:\/\/fcmonsr.cluster021.hosting.ovh.net\/wp\/?page_id=34"},"modified":"2023-11-11T18:38:10","modified_gmt":"2023-11-11T17:38:10","slug":"le-club","status":"publish","type":"page","link":"https:\/\/fcmonswiller.fr\/?page_id=34","title":{"rendered":"Historique"},"content":{"rendered":"\n<p>Le Fussballverein Saturn Monsweiler est cr\u00e9\u00e9 en d\u00e9cembre 1911. Rest\u00e9 en non-activit\u00e9 durant la premi\u00e8re guerre mondiale, le club est rebaptis\u00e9 Football Club de Monswiller.<br>Les rencontres se disputent alors au champ de manoeuvre de la Faisanderie, le terrain \u00e9tant am\u00e9nag\u00e9 avant les matches et d\u00e9barrass\u00e9 \u00e0 la fin par les joueurs du club. Les d\u00e9buts, en 1919, se font en classe C et l&rsquo;ascension en classe B \u00e0 lieu en 1922. L&rsquo;\u00e9quipe joue alors dans le groupe 1 avec SSA Strasbourg, SS Brumath, AS Wasselonne, FC Phalsbourg, AS Sarrebourg.<br>En 1924, les Ets Goldenberg mettent \u00e0 disposition du FC Monswiller un terrain de sport, d\u00e9nomm\u00e9 stade de la Zornmatt. En 1928, le club conquiert le titre de champion du Bas-Rhin de Promotion, suivi en 1930, du titre de champion d&rsquo;Alsace de Promotion.<br>C&rsquo;est \u00e0 cette p\u00e9riode que les joueurs se voient affubl\u00e9s du surnom de Lions, inspir\u00e9 des armoiries de la commune et qui caract\u00e9rise le courage et l&rsquo;indomptable volont\u00e9 des joueurs.<br>Durant la seconde guerre mondiale, le FC Monswiller est le seul club de la r\u00e9gion de Saverne \u00e0 rester en activit\u00e9. D\u00e8s la fin des hostilit\u00e9s, le FCM est incorpor\u00e9 en division I d\u00e9partementale, puis acc\u00e8de pour la premi\u00e8re fois \u00e0 la Promotion d&rsquo;Honneur en juin 1949.<br>C&rsquo;est en 1958 que sont inaugur\u00e9es les installations pour nocturnes, parmi les premi\u00e8res du Bas-Rhin et seulement en 1966 que sont inaugur\u00e9es les vestiaires du stade de la Zornmatt.<br>Le club conna\u00eet quelques difficult\u00e9s dans les ann\u00e9es 1970 et est alors r\u00e9trograd\u00e9 en division II. Mais la remont\u00e9e est en route et le club acc\u00e8de \u00e0 l&rsquo;\u00e9lite r\u00e9gionale de la division d&rsquo;Honneur avec en prime le titre de champion du Bas-Rhin (1979).<br>En 1982, la commune met un nouveau stade \u00e0 la disposition du club. Il est dot\u00e9 de vestiaires-douches, d&rsquo;un club-house et dispose d&rsquo;une splendide pelouse \u00e9quip\u00e9e d&rsquo;un syst\u00e8me d&rsquo;arrosage automatique.<br>D\u00e8s lors, le FCM va osciller entre Promotion d&rsquo;Excellence, Promotion d&rsquo;Honneur et Promotion. Et la grande satisfaction de la fin du si\u00e8cle dernier vient du fait que le club est d\u00e9sign\u00e9 par les Derni\u00e8res Nouvelles d&rsquo;Alsace comme \u00ab\u00a0club de football du si\u00e8cle\u00a0\u00bb pour le secteur de Saverne.<\/p>\n\n\n\n<p>Liste des pr\u00e9sidents :<\/p>\n\n\n\n<ul class=\"wp-block-list\">\n<li>1912-1914 MEHL Louis<\/li>\n\n\n\n<li>1914-1918 Pas d&rsquo;activit\u00e9<\/li>\n\n\n\n<li>1919-1920 MEHL Louis<\/li>\n\n\n\n<li>1920-1921 KARCHER Fr\u00e9d\u00e9ric<\/li>\n\n\n\n<li>1921-1922 ECKLE Louis<\/li>\n\n\n\n<li>1922-1924 STOLL Charles<\/li>\n\n\n\n<li>1924-1928 SOLD Georges<\/li>\n\n\n\n<li>1928-1932 MULLER Louis<\/li>\n\n\n\n<li>1932-1933 FISCHBACH Chr\u00e9tien<\/li>\n\n\n\n<li>1933-1934 FISCHBACH Auguste (p\u00e8re)<\/li>\n\n\n\n<li>1934-1937 JUNG Albert (p\u00e8re)<\/li>\n\n\n\n<li>1937-1940 ROCHEL Emile<\/li>\n\n\n\n<li>1940-1942 FISCHBACH Auguste<\/li>\n\n\n\n<li>1944-1945 KOHLER Auguste<\/li>\n\n\n\n<li>1945-1947 ROCHEL Emile<\/li>\n\n\n\n<li>1947-1955 FISCHER Alfred<\/li>\n\n\n\n<li>1955-1961 FUCHS Louis<\/li>\n\n\n\n<li>1961-1984 BECKER Georges<\/li>\n\n\n\n<li>1984-1990 VONIE Rodolphe<\/li>\n\n\n\n<li>1990-1996 FISCHBACH Philippe<\/li>\n\n\n\n<li>1996-1999 KALCK Jean-Marc<\/li>\n\n\n\n<li>1999-2001 FISCHBACH Rodolphe<\/li>\n\n\n\n<li>2001- 2010 VETTER Serge<\/li>\n\n\n\n<li>2010 &#8211; 2015 VONIE Philippe<\/li>\n\n\n\n<li>2015 &#8211; 2019 SCHROEDER Jean-Pierre<\/li>\n\n\n\n<li>2019 &#8211; 2022 DA CRUZ Pascal<\/li>\n\n\n\n<li>2022 &#8211; \u2026\u2026. THOMAS Olivier<\/li>\n<\/ul>\n","protected":false},"excerpt":{"rendered":"<p>Le Fussballverein Saturn Monsweiler est cr\u00e9\u00e9 en d\u00e9cembre 1911. Rest\u00e9 en non-activit\u00e9 durant la premi\u00e8re guerre mondiale, le club est rebaptis\u00e9 Football Club de Monswiller.Les rencontres se disputent alors au champ de manoeuvre de la Faisanderie, le terrain \u00e9tant am\u00e9nag\u00e9 avant les matches et d\u00e9barrass\u00e9 \u00e0 la fin par les joueurs du club. Les d\u00e9buts, [&hellip;]<\/p>\n","protected":false},"author":1,"featured_media":0,"parent":0,"menu_order":0,"comment_status":"closed","ping_status":"closed","template":"","meta":{"site-sidebar-layout":"default","site-content-layout":"","ast-site-content-layout":"","site-content-style":"default","site-sidebar-style":"default","ast-global-header-display":"","ast-banner-title-visibility":"","ast-main-header-display":"","ast-hfb-above-header-display":"","ast-hfb-below-header-display":"","ast-hfb-mobile-header-display":"","site-post-title":"","ast-breadcrumbs-content":"","ast-featured-img":"","footer-sml-layout":"","theme-transparent-header-meta":"","adv-header-id-meta":"","stick-header-meta":"","header-above-stick-meta":"","header-main-stick-meta":"","header-below-stick-meta":"","astra-migrate-meta-layouts":"default","ast-page-background-enabled":"default","ast-page-background-meta":{"desktop":{"background-color":"var(--ast-global-color-4)","background-image":"","background-repeat":"repeat","background-position":"center center","background-size":"auto","background-attachment":"scroll","background-type":"","background-media":"","overlay-type":"","overlay-color":"","overlay-opacity":"","overlay-gradient":""},"tablet":{"background-color":"","background-image":"","background-repeat":"repeat","background-position":"center center","background-size":"auto","background-attachment":"scroll","background-type":"","background-media":"","overlay-type":"","overlay-color":"","overlay-opacity":"","overlay-gradient":""},"mobile":{"background-color":"","background-image":"","background-repeat":"repeat","background-position":"center center","background-size":"auto","background-attachment":"scroll","background-type":"","background-media":"","overlay-type":"","overlay-color":"","overlay-opacity":"","overlay-gradient":""}},"ast-content-background-meta":{"desktop":{"background-color":"var(--ast-global-color-5)","background-image":"","background-repeat":"repeat","background-position":"center center","background-size":"auto","background-attachment":"scroll","background-type":"","background-media":"","overlay-type":"","overlay-color":"","overlay-opacity":"","overlay-gradient":""},"tablet":{"background-color":"var(--ast-global-color-5)","background-image":"","background-repeat":"repeat","background-position":"center center","background-size":"auto","background-attachment":"scroll","background-type":"","background-media":"","overlay-type":"","overlay-color":"","overlay-opacity":"","overlay-gradient":""},"mobile":{"background-color":"var(--ast-global-color-5)","background-image":"","background-repeat":"repeat","background-position":"center center","background-size":"auto","background-attachment":"scroll","background-type":"","background-media":"","overlay-type":"","overlay-color":"","overlay-opacity":"","overlay-gradient":""}},"footnotes":""},"class_list":["post-34","page","type-page","status-publish","hentry"],"_links":{"self":[{"href":"https:\/\/fcmonswiller.fr\/index.php?rest_route=\/wp\/v2\/pages\/34","targetHints":{"allow":["GET"]}}],"collection":[{"href":"https:\/\/fcmonswiller.fr\/index.php?rest_route=\/wp\/v2\/pages"}],"about":[{"href":"https:\/\/fcmonswiller.fr\/index.php?rest_route=\/wp\/v2\/types\/page"}],"author":[{"embeddable":true,"href":"https:\/\/fcmonswiller.fr\/index.php?rest_route=\/wp\/v2\/users\/1"}],"replies":[{"embeddable":true,"href":"https:\/\/fcmonswiller.fr\/index.php?rest_route=%2Fwp%2Fv2%2Fcomments&post=34"}],"version-history":[{"count":6,"href":"https:\/\/fcmonswiller.fr\/index.php?rest_route=\/wp\/v2\/pages\/34\/revisions"}],"predecessor-version":[{"id":460,"href":"https:\/\/fcmonswiller.fr\/index.php?rest_route=\/wp\/v2\/pages\/34\/revisions\/460"}],"wp:attachment":[{"href":"https:\/\/fcmonswiller.fr\/index.php?rest_route=%2Fwp%2Fv2%2Fmedia&parent=34"}],"curies":[{"name":"wp","href":"https:\/\/api.w.org\/{rel}","templated":true}]}}