{"id":35,"date":"2023-09-27T21:52:24","date_gmt":"2023-09-27T19:52:24","guid":{"rendered":"https:\/\/fcmonsr.cluster021.hosting.ovh.net\/wp\/?page_id=35"},"modified":"2025-12-18T17:50:16","modified_gmt":"2025-12-18T16:50:16","slug":"les-equipes","status":"publish","type":"page","link":"https:\/\/fcmonswiller.fr\/?page_id=35","title":{"rendered":"Foot Animation"},"content":{"rendered":"\n<p class=\"has-very-light-gray-to-cyan-bluish-gray-gradient-background has-background\"><strong>Responsables de la section Jeunes :<\/strong><br>A\u00efna RAJAOBELISON : T\u00e9l : 07 86 84 42 95 \/ Mail : <a href=\"mailto:sectionjeunes@fcmonswiller.fr\">sectionjeunes@fcmonswiller.fr<\/a>&nbsp;<br>Julie JOST : T\u00e9l : 06 14 91 31 81 \/ Mail : <a href=\"mailto:jj7.jost@gmail.com\">jj7.jost@gmail.com<\/a>&nbsp;<\/p>\n\n\n\n<p>Le foot animation permet l&rsquo;apprentissage du football pour les enfants \u00e2g\u00e9s de 5 ans (U6) \u00e0 10 ans (U11).<br>Pour la saison <strong>2025\/2026<\/strong>, voici la composition des \u00e9quipes d&rsquo;encadrements pour chaque cat\u00e9gorie et les horaires d&rsquo;entra\u00eenement :<\/p>\n\n\n\n<p class=\"has-black-color has-pale-ocean-gradient-background has-text-color has-background has-link-color\" style=\"font-size:14px\"><strong>U7 \/ U7F :<\/strong><br>Pierre DAMILO (responsable) : T\u00e9l : 06 29 61 46 34<br>Marine WOLFF<br>Charlotte SCHELL <br>Entra\u00eenement les mardis de 18h \u00e0 19h<br><strong>Reprise des entra\u00eenements le<\/strong><\/p>\n\n\n\n<p class=\"has-pale-ocean-gradient-background has-background\"><strong>U9 \/ U9F :<\/strong><br>St\u00e9phane BOINET (responsable) : T\u00e9l : 06 75 24 09 52 \/ Mail : stephane.boinet@orange.fr<br>Thomas SERRANO : T\u00e9l : 06 61 83 68 29<br>Pasquale PRATICO<br>Angelina KRAICHI (responsable U9F) : T\u00e9l : 07 80 25 96 26<br>Amel EL OMARI<br>Celia STANGE <br>Entra\u00eenement les mardis de 18h \u00e0 19h15<br><strong>Reprise des entra\u00eenements le 26 ao\u00fbt pour les U9F et le mardi 2 septembre 2025 \u00e0 18h pour les U9<\/strong><\/p>\n\n\n\n<p class=\"has-black-color has-pale-ocean-gradient-background has-text-color has-background has-link-color\"><strong>U11 :<\/strong><br>U11 :<br>J\u00e9r\u00e9my (responsable U10\/U11) : T\u00e9l : 06 77 16 53 33 \/ Mail : jeremy@jacques-bockel.fr<br>Patrick DE DEUS : T\u00e9l : 06 37 80 31 28<br>U10 :<br>Aur\u00e9lien MULLER : T\u00e9l : 06 74 09 18 43<br>Maxime DE ROSA<br>Entra\u00eenement les mardis et jeudis de 18h \u00e0 19h30<br><strong>Reprise des entra\u00eenements le<\/strong><\/p>\n\n\n\n<figure class=\"wp-block-gallery has-nested-images columns-default is-cropped wp-block-gallery-1 is-layout-flex wp-block-gallery-is-layout-flex\">\n<figure class=\"wp-block-image size-large\"><a href=\"https:\/\/fcmonswiller.fr\/wp-content\/uploads\/2025\/09\/2526_U7.jpg\" target=\"_blank\" rel=\" noreferrer noopener\"><img loading=\"lazy\" decoding=\"async\" width=\"1024\" height=\"594\" src=\"https:\/\/fcmonswiller.fr\/wp-content\/uploads\/2025\/09\/2526_U7-1024x594.jpg\" alt=\"\" class=\"wp-image-1257\" srcset=\"https:\/\/fcmonswiller.fr\/wp-content\/uploads\/2025\/09\/2526_U7-1024x594.jpg 1024w, https:\/\/fcmonswiller.fr\/wp-content\/uploads\/2025\/09\/2526_U7-300x174.jpg 300w, https:\/\/fcmonswiller.fr\/wp-content\/uploads\/2025\/09\/2526_U7-768x446.jpg 768w, https:\/\/fcmonswiller.fr\/wp-content\/uploads\/2025\/09\/2526_U7.jpg 1496w\" sizes=\"auto, (max-width: 1024px) 100vw, 1024px\" \/><\/a><figcaption class=\"wp-element-caption\">U7 1,2 et 3 &#8211; Saison 2025\/2026<\/figcaption><\/figure>\n\n\n\n<figure class=\"wp-block-image size-large\"><a href=\"https:\/\/fcmonswiller.fr\/wp-content\/uploads\/2025\/09\/2526_U9_1et2.jpg\" target=\"_blank\" rel=\" noreferrer noopener\"><img loading=\"lazy\" decoding=\"async\" width=\"1024\" height=\"764\" src=\"https:\/\/fcmonswiller.fr\/wp-content\/uploads\/2025\/09\/2526_U9_1et2-1024x764.jpg\" alt=\"\" class=\"wp-image-1258\" srcset=\"https:\/\/fcmonswiller.fr\/wp-content\/uploads\/2025\/09\/2526_U9_1et2-1024x764.jpg 1024w, https:\/\/fcmonswiller.fr\/wp-content\/uploads\/2025\/09\/2526_U9_1et2-300x224.jpg 300w, https:\/\/fcmonswiller.fr\/wp-content\/uploads\/2025\/09\/2526_U9_1et2-768x573.jpg 768w, https:\/\/fcmonswiller.fr\/wp-content\/uploads\/2025\/09\/2526_U9_1et2.jpg 1081w\" sizes=\"auto, (max-width: 1024px) 100vw, 1024px\" \/><\/a><figcaption class=\"wp-element-caption\">U9 1 et 2 &#8211; Saison 2025\/2026<\/figcaption><\/figure>\n\n\n\n<figure class=\"wp-block-image size-large\"><a href=\"https:\/\/fcmonswiller.fr\/wp-content\/uploads\/2025\/09\/2526_U9_3et4.jpg\" target=\"_blank\" rel=\" noreferrer noopener\"><img loading=\"lazy\" decoding=\"async\" width=\"1024\" height=\"684\" src=\"https:\/\/fcmonswiller.fr\/wp-content\/uploads\/2025\/09\/2526_U9_3et4-1024x684.jpg\" alt=\"\" class=\"wp-image-1230\" srcset=\"https:\/\/fcmonswiller.fr\/wp-content\/uploads\/2025\/09\/2526_U9_3et4-1024x684.jpg 1024w, https:\/\/fcmonswiller.fr\/wp-content\/uploads\/2025\/09\/2526_U9_3et4-300x200.jpg 300w, https:\/\/fcmonswiller.fr\/wp-content\/uploads\/2025\/09\/2526_U9_3et4-768x513.jpg 768w, https:\/\/fcmonswiller.fr\/wp-content\/uploads\/2025\/09\/2526_U9_3et4-1536x1026.jpg 1536w, https:\/\/fcmonswiller.fr\/wp-content\/uploads\/2025\/09\/2526_U9_3et4-2048x1369.jpg 2048w\" sizes=\"auto, (max-width: 1024px) 100vw, 1024px\" \/><\/a><figcaption class=\"wp-element-caption\">U9 3 et 4 &#8211; Saison 2025\/2026<\/figcaption><\/figure>\n\n\n\n<figure class=\"wp-block-image size-large\"><a href=\"https:\/\/fcmonswiller.fr\/wp-content\/uploads\/2025\/09\/2526_U9_1_1.jpg\" target=\"_blank\" rel=\" noreferrer noopener\"><img loading=\"lazy\" decoding=\"async\" width=\"703\" height=\"794\" src=\"https:\/\/fcmonswiller.fr\/wp-content\/uploads\/2025\/09\/2526_U9_1_1.jpg\" alt=\"\" class=\"wp-image-1222\" srcset=\"https:\/\/fcmonswiller.fr\/wp-content\/uploads\/2025\/09\/2526_U9_1_1.jpg 703w, https:\/\/fcmonswiller.fr\/wp-content\/uploads\/2025\/09\/2526_U9_1_1-266x300.jpg 266w\" sizes=\"auto, (max-width: 703px) 100vw, 703px\" \/><\/a><figcaption class=\"wp-element-caption\">U9 1 &#8211; Saison 2025\/2026<\/figcaption><\/figure>\n\n\n\n<figure class=\"wp-block-image size-large\"><a href=\"https:\/\/fcmonswiller.fr\/wp-content\/uploads\/2025\/09\/2526_U9_2.jpg\" target=\"_blank\" rel=\" noreferrer noopener\"><img loading=\"lazy\" decoding=\"async\" width=\"768\" height=\"1024\" src=\"https:\/\/fcmonswiller.fr\/wp-content\/uploads\/2025\/09\/2526_U9_2-768x1024.jpg\" alt=\"\" class=\"wp-image-1224\" srcset=\"https:\/\/fcmonswiller.fr\/wp-content\/uploads\/2025\/09\/2526_U9_2-768x1024.jpg 768w, https:\/\/fcmonswiller.fr\/wp-content\/uploads\/2025\/09\/2526_U9_2-225x300.jpg 225w, https:\/\/fcmonswiller.fr\/wp-content\/uploads\/2025\/09\/2526_U9_2-1152x1536.jpg 1152w, https:\/\/fcmonswiller.fr\/wp-content\/uploads\/2025\/09\/2526_U9_2.jpg 1200w\" sizes=\"auto, (max-width: 768px) 100vw, 768px\" \/><\/a><figcaption class=\"wp-element-caption\">U9 2 &#8211; Saison 2025\/2026<\/figcaption><\/figure>\n\n\n\n<figure class=\"wp-block-image size-large\"><a href=\"https:\/\/fcmonswiller.fr\/wp-content\/uploads\/2025\/09\/2526_U9_2_1.jpg\" target=\"_blank\" rel=\" noreferrer noopener\"><img loading=\"lazy\" decoding=\"async\" width=\"699\" height=\"880\" src=\"https:\/\/fcmonswiller.fr\/wp-content\/uploads\/2025\/09\/2526_U9_2_1.jpg\" alt=\"\" class=\"wp-image-1223\" srcset=\"https:\/\/fcmonswiller.fr\/wp-content\/uploads\/2025\/09\/2526_U9_2_1.jpg 699w, https:\/\/fcmonswiller.fr\/wp-content\/uploads\/2025\/09\/2526_U9_2_1-238x300.jpg 238w\" sizes=\"auto, (max-width: 699px) 100vw, 699px\" \/><\/a><figcaption class=\"wp-element-caption\">U9 2 &#8211; Saison 2025\/2026<\/figcaption><\/figure>\n\n\n\n<figure class=\"wp-block-image size-large\"><a href=\"https:\/\/fcmonswiller.fr\/wp-content\/uploads\/2025\/09\/2526_U11_1.jpg\" target=\"_blank\" rel=\" noreferrer noopener\"><img loading=\"lazy\" decoding=\"async\" width=\"1024\" height=\"768\" src=\"https:\/\/fcmonswiller.fr\/wp-content\/uploads\/2025\/09\/2526_U11_1-1024x768.jpg\" alt=\"\" class=\"wp-image-1229\" srcset=\"https:\/\/fcmonswiller.fr\/wp-content\/uploads\/2025\/09\/2526_U11_1-1024x768.jpg 1024w, https:\/\/fcmonswiller.fr\/wp-content\/uploads\/2025\/09\/2526_U11_1-300x225.jpg 300w, https:\/\/fcmonswiller.fr\/wp-content\/uploads\/2025\/09\/2526_U11_1-768x576.jpg 768w, https:\/\/fcmonswiller.fr\/wp-content\/uploads\/2025\/09\/2526_U11_1-1536x1152.jpg 1536w, https:\/\/fcmonswiller.fr\/wp-content\/uploads\/2025\/09\/2526_U11_1.jpg 2048w\" sizes=\"auto, (max-width: 1024px) 100vw, 1024px\" \/><\/a><figcaption class=\"wp-element-caption\">U11 1 &#8211; Saison 2025\/2026<\/figcaption><\/figure>\n\n\n\n<figure class=\"wp-block-image size-large\"><a href=\"https:\/\/fcmonswiller.fr\/wp-content\/uploads\/2025\/09\/2526_U11_1_1.jpg\" target=\"_blank\" rel=\" noreferrer noopener\"><img loading=\"lazy\" decoding=\"async\" width=\"1024\" height=\"768\" src=\"https:\/\/fcmonswiller.fr\/wp-content\/uploads\/2025\/09\/2526_U11_1_1-1024x768.jpg\" alt=\"\" class=\"wp-image-1228\" srcset=\"https:\/\/fcmonswiller.fr\/wp-content\/uploads\/2025\/09\/2526_U11_1_1-1024x768.jpg 1024w, https:\/\/fcmonswiller.fr\/wp-content\/uploads\/2025\/09\/2526_U11_1_1-300x225.jpg 300w, https:\/\/fcmonswiller.fr\/wp-content\/uploads\/2025\/09\/2526_U11_1_1-768x576.jpg 768w, https:\/\/fcmonswiller.fr\/wp-content\/uploads\/2025\/09\/2526_U11_1_1-1536x1152.jpg 1536w, https:\/\/fcmonswiller.fr\/wp-content\/uploads\/2025\/09\/2526_U11_1_1.jpg 2048w\" sizes=\"auto, (max-width: 1024px) 100vw, 1024px\" \/><\/a><figcaption class=\"wp-element-caption\">U11 1 &#8211; Saison 2025\/2026<\/figcaption><\/figure>\n\n\n\n<figure class=\"wp-block-image size-full\"><a href=\"https:\/\/fcmonswiller.fr\/wp-content\/uploads\/2025\/09\/2526_U11_2-1.jpg\" target=\"_blank\" rel=\" noreferrer noopener\"><img loading=\"lazy\" decoding=\"async\" width=\"929\" height=\"502\" src=\"https:\/\/fcmonswiller.fr\/wp-content\/uploads\/2025\/09\/2526_U11_2-1.jpg\" alt=\"\" class=\"wp-image-1249\" srcset=\"https:\/\/fcmonswiller.fr\/wp-content\/uploads\/2025\/09\/2526_U11_2-1.jpg 929w, https:\/\/fcmonswiller.fr\/wp-content\/uploads\/2025\/09\/2526_U11_2-1-300x162.jpg 300w, https:\/\/fcmonswiller.fr\/wp-content\/uploads\/2025\/09\/2526_U11_2-1-768x415.jpg 768w\" sizes=\"auto, (max-width: 929px) 100vw, 929px\" \/><\/a><figcaption class=\"wp-element-caption\">U11 2 &#8211; Saison 2025\/2026<\/figcaption><\/figure>\n\n\n\n<figure class=\"wp-block-image size-large\"><a href=\"https:\/\/fcmonswiller.fr\/wp-content\/uploads\/2025\/09\/2526_U11_3.jpg\" target=\"_blank\" rel=\" noreferrer noopener\"><img loading=\"lazy\" decoding=\"async\" width=\"854\" height=\"595\" src=\"https:\/\/fcmonswiller.fr\/wp-content\/uploads\/2025\/09\/2526_U11_3.jpg\" alt=\"\" class=\"wp-image-1226\" srcset=\"https:\/\/fcmonswiller.fr\/wp-content\/uploads\/2025\/09\/2526_U11_3.jpg 854w, https:\/\/fcmonswiller.fr\/wp-content\/uploads\/2025\/09\/2526_U11_3-300x209.jpg 300w, https:\/\/fcmonswiller.fr\/wp-content\/uploads\/2025\/09\/2526_U11_3-768x535.jpg 768w\" sizes=\"auto, (max-width: 854px) 100vw, 854px\" \/><\/a><figcaption class=\"wp-element-caption\">U11 3 &#8211; Saison 2025\/2026<\/figcaption><\/figure>\n<\/figure>\n\n\n\n<p><br><br><br><br><br><br><em>Pour la saison <strong>2024\/2025<\/strong>, voici la composition des \u00e9quipes d&rsquo;encadrements pour chaque cat\u00e9gorie et les horaires d&rsquo;entra\u00eenement :<\/em><\/p>\n\n\n\n<p class=\"has-black-color has-pale-ocean-gradient-background has-text-color has-background has-link-color\" style=\"font-size:14px\"><em><strong>U7 :<\/strong><br>Olivier THOMAS (responsable) : T\u00e9l : 06 43 22 49 12 \/ Mail : singristois67@hotmail.fr<br>Pierre DAMILO : T\u00e9l : 06 29 61 46 34<br>Entra\u00eenement les mardis de 18h \u00e0 19h<\/em><\/p>\n\n\n\n<p class=\"has-pale-ocean-gradient-background has-background\"><em><strong>U9 :<\/strong><br>St\u00e9phane BOINET (responsable) : T\u00e9l : 06 75 24 09 52 \/ Mail : stephane.boinet@orange.fr<br>Aur\u00e9lien MULLER : T\u00e9l : 06 74 09 18 43<br>Entra\u00eenement les mardis de 18h \u00e0 19h15<br><strong>Reprise des entra\u00eenements le mardi 3 septembre 2024 \u00e0 18h<\/strong><\/em><\/p>\n\n\n\n<p class=\"has-black-color has-pale-ocean-gradient-background has-text-color has-background has-link-color\"><em><strong>U11 :<\/strong><br>Cyril CASEZ (responsable U11 1) : T\u00e9l : 06 66 78 51 29 \/ Mail : cyril.casez@sfr.fr<br>J\u00e9r\u00e9my BOCKEL (responsable U11 2) : T\u00e9l : 06 77 16 53 33 \/ Mail : jeremy@jacques-bockel.fr<br>Jordan DIETRICH (responsable U11 3) : T\u00e9l : 06 81 36 68 75 \/ Mail : jordandietrich67@gmail.com<br>Cihan AKCAN : T\u00e9l : 06 87 76 45 63<br>Fabien BRAUN : T\u00e9l : 07 82 37 70 73<br>Matthieu DOMENEGHETTY : T\u00e9l : 06 72 04 71 04<br>Patrick DE DEUS : T\u00e9l : 06 37 80 31 28<br>Entra\u00eenement les mardis et jeudis de 18h \u00e0 19h30<\/em><\/p>\n\n\n\n<p><\/p>\n\n\n\n<p><\/p>\n\n\n\n<figure class=\"wp-block-gallery has-nested-images columns-default is-cropped wp-block-gallery-2 is-layout-flex wp-block-gallery-is-layout-flex\">\n<figure class=\"wp-block-image size-large\"><a href=\"http:\/\/fcmonswiller.fr\/wp-content\/uploads\/2023\/10\/231014_U9_1_2.jpg\"><img loading=\"lazy\" decoding=\"async\" width=\"1024\" height=\"768\" src=\"http:\/\/fcmonswiller.fr\/wp-content\/uploads\/2023\/10\/231014_U9_1_2-1024x768.jpg\" alt=\"\" class=\"wp-image-324\" srcset=\"https:\/\/fcmonswiller.fr\/wp-content\/uploads\/2023\/10\/231014_U9_1_2-1024x768.jpg 1024w, https:\/\/fcmonswiller.fr\/wp-content\/uploads\/2023\/10\/231014_U9_1_2-300x225.jpg 300w, https:\/\/fcmonswiller.fr\/wp-content\/uploads\/2023\/10\/231014_U9_1_2-768x576.jpg 768w, https:\/\/fcmonswiller.fr\/wp-content\/uploads\/2023\/10\/231014_U9_1_2-1536x1152.jpg 1536w, https:\/\/fcmonswiller.fr\/wp-content\/uploads\/2023\/10\/231014_U9_1_2.jpg 2048w\" sizes=\"auto, (max-width: 1024px) 100vw, 1024px\" \/><\/a><figcaption class=\"wp-element-caption\">U9 FCM 1 et 2 &#8211; Saison 2023\/2024<\/figcaption><\/figure>\n\n\n\n<figure class=\"wp-block-image size-large\"><a href=\"https:\/\/fcmonswiller.fr\/wp-content\/uploads\/2023\/10\/231014_U9_3_4.jpg\"><img loading=\"lazy\" decoding=\"async\" width=\"1024\" height=\"576\" src=\"https:\/\/fcmonswiller.fr\/wp-content\/uploads\/2023\/10\/231014_U9_3_4-1024x576.jpg\" alt=\"\" class=\"wp-image-323\" srcset=\"https:\/\/fcmonswiller.fr\/wp-content\/uploads\/2023\/10\/231014_U9_3_4-1024x576.jpg 1024w, https:\/\/fcmonswiller.fr\/wp-content\/uploads\/2023\/10\/231014_U9_3_4-300x169.jpg 300w, https:\/\/fcmonswiller.fr\/wp-content\/uploads\/2023\/10\/231014_U9_3_4-768x432.jpg 768w, https:\/\/fcmonswiller.fr\/wp-content\/uploads\/2023\/10\/231014_U9_3_4-1536x864.jpg 1536w, https:\/\/fcmonswiller.fr\/wp-content\/uploads\/2023\/10\/231014_U9_3_4.jpg 1600w\" sizes=\"auto, (max-width: 1024px) 100vw, 1024px\" \/><\/a><figcaption class=\"wp-element-caption\">U9 FCM 3 et 4 &#8211; Saison 2023\/2024<\/figcaption><\/figure>\n\n\n\n<figure class=\"wp-block-image size-large is-style-default\"><a href=\"https:\/\/fcmonswiller.fr\/wp-content\/uploads\/2023\/10\/230606_photo_entrainement-1-scaled.jpg\"><img loading=\"lazy\" decoding=\"async\" width=\"1024\" height=\"576\" src=\"https:\/\/fcmonswiller.fr\/wp-content\/uploads\/2023\/10\/230606_photo_entrainement-1-1024x576.jpg\" alt=\"\" class=\"wp-image-325\" srcset=\"https:\/\/fcmonswiller.fr\/wp-content\/uploads\/2023\/10\/230606_photo_entrainement-1-1024x576.jpg 1024w, https:\/\/fcmonswiller.fr\/wp-content\/uploads\/2023\/10\/230606_photo_entrainement-1-300x169.jpg 300w, https:\/\/fcmonswiller.fr\/wp-content\/uploads\/2023\/10\/230606_photo_entrainement-1-768x432.jpg 768w, https:\/\/fcmonswiller.fr\/wp-content\/uploads\/2023\/10\/230606_photo_entrainement-1-1536x864.jpg 1536w, https:\/\/fcmonswiller.fr\/wp-content\/uploads\/2023\/10\/230606_photo_entrainement-1-2048x1152.jpg 2048w\" sizes=\"auto, (max-width: 1024px) 100vw, 1024px\" \/><\/a><figcaption class=\"wp-element-caption\">Entrainement U9 FCM &#8211; Saison 2023\/2024<\/figcaption><\/figure>\n\n\n\n<figure class=\"wp-block-image size-large\"><a href=\"https:\/\/fcmonswiller.fr\/wp-content\/uploads\/2024\/10\/U7M.jpg\"><img loading=\"lazy\" decoding=\"async\" width=\"1024\" height=\"768\" src=\"https:\/\/fcmonswiller.fr\/wp-content\/uploads\/2024\/10\/U7M-1024x768.jpg\" alt=\"\" class=\"wp-image-884\" srcset=\"https:\/\/fcmonswiller.fr\/wp-content\/uploads\/2024\/10\/U7M-1024x768.jpg 1024w, https:\/\/fcmonswiller.fr\/wp-content\/uploads\/2024\/10\/U7M-300x225.jpg 300w, https:\/\/fcmonswiller.fr\/wp-content\/uploads\/2024\/10\/U7M-768x576.jpg 768w, https:\/\/fcmonswiller.fr\/wp-content\/uploads\/2024\/10\/U7M-1536x1152.jpg 1536w, https:\/\/fcmonswiller.fr\/wp-content\/uploads\/2024\/10\/U7M.jpg 1600w\" sizes=\"auto, (max-width: 1024px) 100vw, 1024px\" \/><\/a><figcaption class=\"wp-element-caption\">U7 &#8211; Saison 2024\/2025<\/figcaption><\/figure>\n\n\n\n<figure class=\"wp-block-image size-large\"><a href=\"https:\/\/fcmonswiller.fr\/wp-content\/uploads\/2024\/10\/U9-M-3.jpg\"><img loading=\"lazy\" decoding=\"async\" width=\"1024\" height=\"484\" src=\"https:\/\/fcmonswiller.fr\/wp-content\/uploads\/2024\/10\/U9-M-3-1024x484.jpg\" alt=\"\" class=\"wp-image-885\" srcset=\"https:\/\/fcmonswiller.fr\/wp-content\/uploads\/2024\/10\/U9-M-3-1024x484.jpg 1024w, https:\/\/fcmonswiller.fr\/wp-content\/uploads\/2024\/10\/U9-M-3-300x142.jpg 300w, https:\/\/fcmonswiller.fr\/wp-content\/uploads\/2024\/10\/U9-M-3-768x363.jpg 768w, https:\/\/fcmonswiller.fr\/wp-content\/uploads\/2024\/10\/U9-M-3-1536x726.jpg 1536w, https:\/\/fcmonswiller.fr\/wp-content\/uploads\/2024\/10\/U9-M-3.jpg 1640w\" sizes=\"auto, (max-width: 1024px) 100vw, 1024px\" \/><\/a><figcaption class=\"wp-element-caption\">U9 &#8211; Saison 2024\/2025<\/figcaption><\/figure>\n\n\n\n<figure class=\"wp-block-image size-large\"><a href=\"https:\/\/fcmonswiller.fr\/wp-content\/uploads\/2024\/10\/U9M-2.jpg\"><img loading=\"lazy\" decoding=\"async\" width=\"1024\" height=\"576\" src=\"https:\/\/fcmonswiller.fr\/wp-content\/uploads\/2024\/10\/U9M-2-1024x576.jpg\" alt=\"\" class=\"wp-image-886\" srcset=\"https:\/\/fcmonswiller.fr\/wp-content\/uploads\/2024\/10\/U9M-2-1024x576.jpg 1024w, https:\/\/fcmonswiller.fr\/wp-content\/uploads\/2024\/10\/U9M-2-300x169.jpg 300w, https:\/\/fcmonswiller.fr\/wp-content\/uploads\/2024\/10\/U9M-2-768x432.jpg 768w, https:\/\/fcmonswiller.fr\/wp-content\/uploads\/2024\/10\/U9M-2-1536x864.jpg 1536w, https:\/\/fcmonswiller.fr\/wp-content\/uploads\/2024\/10\/U9M-2.jpg 2048w\" sizes=\"auto, (max-width: 1024px) 100vw, 1024px\" \/><\/a><figcaption class=\"wp-element-caption\">U9 &#8211; Saison 2024\/2025<\/figcaption><\/figure>\n\n\n\n<figure class=\"wp-block-image size-large\"><a href=\"https:\/\/fcmonswiller.fr\/wp-content\/uploads\/2024\/10\/U9M.jpg\"><img loading=\"lazy\" decoding=\"async\" width=\"1024\" height=\"683\" src=\"https:\/\/fcmonswiller.fr\/wp-content\/uploads\/2024\/10\/U9M-1024x683.jpg\" alt=\"\" class=\"wp-image-887\" srcset=\"https:\/\/fcmonswiller.fr\/wp-content\/uploads\/2024\/10\/U9M-1024x683.jpg 1024w, https:\/\/fcmonswiller.fr\/wp-content\/uploads\/2024\/10\/U9M-300x200.jpg 300w, https:\/\/fcmonswiller.fr\/wp-content\/uploads\/2024\/10\/U9M-768x512.jpg 768w, https:\/\/fcmonswiller.fr\/wp-content\/uploads\/2024\/10\/U9M-1536x1024.jpg 1536w, https:\/\/fcmonswiller.fr\/wp-content\/uploads\/2024\/10\/U9M.jpg 2048w\" sizes=\"auto, (max-width: 1024px) 100vw, 1024px\" \/><\/a><figcaption class=\"wp-element-caption\">U9 &#8211; Saison 2024\/2025<\/figcaption><\/figure>\n\n\n\n<figure class=\"wp-block-image size-large\"><a href=\"https:\/\/fcmonswiller.fr\/wp-content\/uploads\/2024\/10\/U11-Equipe-2.jpg\"><img loading=\"lazy\" decoding=\"async\" width=\"768\" height=\"1024\" src=\"https:\/\/fcmonswiller.fr\/wp-content\/uploads\/2024\/10\/U11-Equipe-2-768x1024.jpg\" alt=\"\" class=\"wp-image-891\" srcset=\"https:\/\/fcmonswiller.fr\/wp-content\/uploads\/2024\/10\/U11-Equipe-2-768x1024.jpg 768w, https:\/\/fcmonswiller.fr\/wp-content\/uploads\/2024\/10\/U11-Equipe-2-225x300.jpg 225w, https:\/\/fcmonswiller.fr\/wp-content\/uploads\/2024\/10\/U11-Equipe-2-1152x1536.jpg 1152w, https:\/\/fcmonswiller.fr\/wp-content\/uploads\/2024\/10\/U11-Equipe-2.jpg 1200w\" sizes=\"auto, (max-width: 768px) 100vw, 768px\" \/><\/a><figcaption class=\"wp-element-caption\">U11 &#8211; Saison 2024\/2025<\/figcaption><\/figure>\n\n\n\n<figure class=\"wp-block-image size-large\"><a href=\"https:\/\/fcmonswiller.fr\/wp-content\/uploads\/2024\/10\/U11-equipe-3.jpg\"><img loading=\"lazy\" decoding=\"async\" width=\"1024\" height=\"768\" src=\"https:\/\/fcmonswiller.fr\/wp-content\/uploads\/2024\/10\/U11-equipe-3-1024x768.jpg\" alt=\"\" class=\"wp-image-889\" srcset=\"https:\/\/fcmonswiller.fr\/wp-content\/uploads\/2024\/10\/U11-equipe-3-1024x768.jpg 1024w, https:\/\/fcmonswiller.fr\/wp-content\/uploads\/2024\/10\/U11-equipe-3-300x225.jpg 300w, https:\/\/fcmonswiller.fr\/wp-content\/uploads\/2024\/10\/U11-equipe-3-768x576.jpg 768w, https:\/\/fcmonswiller.fr\/wp-content\/uploads\/2024\/10\/U11-equipe-3-1536x1152.jpg 1536w, https:\/\/fcmonswiller.fr\/wp-content\/uploads\/2024\/10\/U11-equipe-3.jpg 1600w\" sizes=\"auto, (max-width: 1024px) 100vw, 1024px\" \/><\/a><figcaption class=\"wp-element-caption\">U11 &#8211; Saison 2024\/2025<\/figcaption><\/figure>\n\n\n\n<figure class=\"wp-block-image size-large\"><a href=\"https:\/\/fcmonswiller.fr\/wp-content\/uploads\/2024\/10\/U11-M-Equipe-1.jpg\"><img loading=\"lazy\" decoding=\"async\" width=\"1024\" height=\"768\" src=\"https:\/\/fcmonswiller.fr\/wp-content\/uploads\/2024\/10\/U11-M-Equipe-1-1024x768.jpg\" alt=\"\" class=\"wp-image-890\" srcset=\"https:\/\/fcmonswiller.fr\/wp-content\/uploads\/2024\/10\/U11-M-Equipe-1-1024x768.jpg 1024w, https:\/\/fcmonswiller.fr\/wp-content\/uploads\/2024\/10\/U11-M-Equipe-1-300x225.jpg 300w, https:\/\/fcmonswiller.fr\/wp-content\/uploads\/2024\/10\/U11-M-Equipe-1-768x576.jpg 768w, https:\/\/fcmonswiller.fr\/wp-content\/uploads\/2024\/10\/U11-M-Equipe-1-1536x1152.jpg 1536w, https:\/\/fcmonswiller.fr\/wp-content\/uploads\/2024\/10\/U11-M-Equipe-1.jpg 1600w\" sizes=\"auto, (max-width: 1024px) 100vw, 1024px\" \/><\/a><figcaption class=\"wp-element-caption\">U11 &#8211; Saison 2024\/2025<\/figcaption><\/figure>\n<\/figure>\n\n\n\n<p><\/p>\n","protected":false},"excerpt":{"rendered":"<p>Responsables de la section Jeunes :A\u00efna RAJAOBELISON : T\u00e9l : 07 86 84 42 95 \/ Mail : sectionjeunes@fcmonswiller.fr&nbsp;Julie JOST : T\u00e9l : 06 14 91 31 81 \/ Mail : jj7.jost@gmail.com&nbsp; Le foot animation permet l&rsquo;apprentissage du football pour les enfants \u00e2g\u00e9s de 5 ans (U6) \u00e0 10 ans (U11).Pour la saison 2025\/2026, voici [&hellip;]<\/p>\n","protected":false},"author":1,"featured_media":0,"parent":0,"menu_order":0,"comment_status":"closed","ping_status":"closed","template":"","meta":{"site-sidebar-layout":"default","site-content-layout":"","ast-site-content-layout":"","site-content-style":"default","site-sidebar-style":"default","ast-global-header-display":"","ast-banner-title-visibility":"","ast-main-header-display":"","ast-hfb-above-header-display":"","ast-hfb-below-header-display":"","ast-hfb-mobile-header-display":"","site-post-title":"","ast-breadcrumbs-content":"","ast-featured-img":"","footer-sml-layout":"","theme-transparent-header-meta":"","adv-header-id-meta":"","stick-header-meta":"","header-above-stick-meta":"","header-main-stick-meta":"","header-below-stick-meta":"","astra-migrate-meta-layouts":"default","ast-page-background-enabled":"default","ast-page-background-meta":{"desktop":{"background-color":"var(--ast-global-color-4)","background-image":"","background-repeat":"repeat","background-position":"center center","background-size":"auto","background-attachment":"scroll","background-type":"","background-media":"","overlay-type":"","overlay-color":"","overlay-opacity":"","overlay-gradient":""},"tablet":{"background-color":"","background-image":"","background-repeat":"repeat","background-position":"center center","background-size":"auto","background-attachment":"scroll","background-type":"","background-media":"","overlay-type":"","overlay-color":"","overlay-opacity":"","overlay-gradient":""},"mobile":{"background-color":"","background-image":"","background-repeat":"repeat","background-position":"center center","background-size":"auto","background-attachment":"scroll","background-type":"","background-media":"","overlay-type":"","overlay-color":"","overlay-opacity":"","overlay-gradient":""}},"ast-content-background-meta":{"desktop":{"background-color":"var(--ast-global-color-5)","background-image":"","background-repeat":"repeat","background-position":"center center","background-size":"auto","background-attachment":"scroll","background-type":"","background-media":"","overlay-type":"","overlay-color":"","overlay-opacity":"","overlay-gradient":""},"tablet":{"background-color":"var(--ast-global-color-5)","background-image":"","background-repeat":"repeat","background-position":"center center","background-size":"auto","background-attachment":"scroll","background-type":"","background-media":"","overlay-type":"","overlay-color":"","overlay-opacity":"","overlay-gradient":""},"mobile":{"background-color":"var(--ast-global-color-5)","background-image":"","background-repeat":"repeat","background-position":"center center","background-size":"auto","background-attachment":"scroll","background-type":"","background-media":"","overlay-type":"","overlay-color":"","overlay-opacity":"","overlay-gradient":""}},"footnotes":""},"class_list":["post-35","page","type-page","status-publish","hentry"],"_links":{"self":[{"href":"https:\/\/fcmonswiller.fr\/index.php?rest_route=\/wp\/v2\/pages\/35","targetHints":{"allow":["GET"]}}],"collection":[{"href":"https:\/\/fcmonswiller.fr\/index.php?rest_route=\/wp\/v2\/pages"}],"about":[{"href":"https:\/\/fcmonswiller.fr\/index.php?rest_route=\/wp\/v2\/types\/page"}],"author":[{"embeddable":true,"href":"https:\/\/fcmonswiller.fr\/index.php?rest_route=\/wp\/v2\/users\/1"}],"replies":[{"embeddable":true,"href":"https:\/\/fcmonswiller.fr\/index.php?rest_route=%2Fwp%2Fv2%2Fcomments&post=35"}],"version-history":[{"count":55,"href":"https:\/\/fcmonswiller.fr\/index.php?rest_route=\/wp\/v2\/pages\/35\/revisions"}],"predecessor-version":[{"id":1286,"href":"https:\/\/fcmonswiller.fr\/index.php?rest_route=\/wp\/v2\/pages\/35\/revisions\/1286"}],"wp:attachment":[{"href":"https:\/\/fcmonswiller.fr\/index.php?rest_route=%2Fwp%2Fv2%2Fmedia&parent=35"}],"curies":[{"name":"wp","href":"https:\/\/api.w.org\/{rel}","templated":true}]}}