{"id":458,"date":"2023-11-11T18:37:04","date_gmt":"2023-11-11T17:37:04","guid":{"rendered":"https:\/\/fcmonswiller.fr\/?page_id=458"},"modified":"2024-10-24T21:12:15","modified_gmt":"2024-10-24T19:12:15","slug":"en-bref","status":"publish","type":"page","link":"https:\/\/fcmonswiller.fr\/?page_id=458","title":{"rendered":"En bref&#8230;"},"content":{"rendered":"\n<p>Si\u00e8ge social : 4, rue du Stade &#8211; 67700 Monswiller<\/p>\n\n\n\n<p>Couleurs :Maillot noir &#8211; Culotte blanche<\/p>\n\n\n\n<p>Effectif : Le nombre de licenci\u00e9(e)s au Football Club de Monswiller oscille entre 200 et 300 selon les saisons, filles et gar\u00e7ons de 3 \u00e0 77 ans.<\/p>\n\n\n\n<p>Installations : Le Football Club de Monswiller dispose de deux terrains \u00e0 11 (stade Zornmatt et stade municipal) dont 1 \u00e9quip\u00e9 d&rsquo;un \u00e9clairage pour les matches en nocturne, un terrain \u00e0 7, deux vestiaires dont le vestiaire du stade municipal inaugur\u00e9 le 28 juillet 2004, un local technique pour le rangement du mat\u00e9riel d&rsquo;entra\u00eenement, un club-house \u00e9quip\u00e9 d&rsquo;une cuisine et d&rsquo;une chambre froide disponible \u00e0 la location\u2026<\/p>\n\n\n\n<figure class=\"wp-block-gallery has-nested-images columns-default is-cropped wp-block-gallery-1 is-layout-flex wp-block-gallery-is-layout-flex\">\n<figure class=\"wp-block-image size-large\"><a href=\"https:\/\/fcmonswiller.fr\/wp-content\/uploads\/2024\/10\/vue_ensemble-scaled.jpg\"><img loading=\"lazy\" decoding=\"async\" width=\"1024\" height=\"576\" data-id=\"912\" src=\"https:\/\/fcmonswiller.fr\/wp-content\/uploads\/2024\/10\/vue_ensemble-1024x576.jpg\" alt=\"\" class=\"wp-image-912\" srcset=\"https:\/\/fcmonswiller.fr\/wp-content\/uploads\/2024\/10\/vue_ensemble-1024x576.jpg 1024w, https:\/\/fcmonswiller.fr\/wp-content\/uploads\/2024\/10\/vue_ensemble-300x169.jpg 300w, https:\/\/fcmonswiller.fr\/wp-content\/uploads\/2024\/10\/vue_ensemble-768x432.jpg 768w, https:\/\/fcmonswiller.fr\/wp-content\/uploads\/2024\/10\/vue_ensemble-1536x864.jpg 1536w, https:\/\/fcmonswiller.fr\/wp-content\/uploads\/2024\/10\/vue_ensemble-2048x1152.jpg 2048w\" sizes=\"auto, (max-width: 1024px) 100vw, 1024px\" \/><\/a><figcaption class=\"wp-element-caption\">Vue d&rsquo;ensemble<\/figcaption><\/figure>\n\n\n\n<figure class=\"wp-block-image size-large\"><a href=\"https:\/\/fcmonswiller.fr\/wp-content\/uploads\/2024\/10\/ancien_stade-scaled.jpg\"><img loading=\"lazy\" decoding=\"async\" width=\"1024\" height=\"576\" data-id=\"917\" src=\"https:\/\/fcmonswiller.fr\/wp-content\/uploads\/2024\/10\/ancien_stade-1024x576.jpg\" alt=\"\" class=\"wp-image-917\" srcset=\"https:\/\/fcmonswiller.fr\/wp-content\/uploads\/2024\/10\/ancien_stade-1024x576.jpg 1024w, https:\/\/fcmonswiller.fr\/wp-content\/uploads\/2024\/10\/ancien_stade-300x169.jpg 300w, https:\/\/fcmonswiller.fr\/wp-content\/uploads\/2024\/10\/ancien_stade-768x432.jpg 768w, https:\/\/fcmonswiller.fr\/wp-content\/uploads\/2024\/10\/ancien_stade-1536x864.jpg 1536w, https:\/\/fcmonswiller.fr\/wp-content\/uploads\/2024\/10\/ancien_stade-2048x1152.jpg 2048w\" sizes=\"auto, (max-width: 1024px) 100vw, 1024px\" \/><\/a><figcaption class=\"wp-element-caption\">Le mythique stade Zornmatt<\/figcaption><\/figure>\n\n\n\n<figure class=\"wp-block-image size-large\"><a href=\"https:\/\/fcmonswiller.fr\/wp-content\/uploads\/2024\/10\/ancien_vestaire_rangement-scaled.jpg\"><img loading=\"lazy\" decoding=\"async\" width=\"1024\" height=\"576\" data-id=\"913\" src=\"https:\/\/fcmonswiller.fr\/wp-content\/uploads\/2024\/10\/ancien_vestaire_rangement-1024x576.jpg\" alt=\"\" class=\"wp-image-913\" srcset=\"https:\/\/fcmonswiller.fr\/wp-content\/uploads\/2024\/10\/ancien_vestaire_rangement-1024x576.jpg 1024w, https:\/\/fcmonswiller.fr\/wp-content\/uploads\/2024\/10\/ancien_vestaire_rangement-300x169.jpg 300w, https:\/\/fcmonswiller.fr\/wp-content\/uploads\/2024\/10\/ancien_vestaire_rangement-768x432.jpg 768w, https:\/\/fcmonswiller.fr\/wp-content\/uploads\/2024\/10\/ancien_vestaire_rangement-1536x864.jpg 1536w, https:\/\/fcmonswiller.fr\/wp-content\/uploads\/2024\/10\/ancien_vestaire_rangement-2048x1152.jpg 2048w\" sizes=\"auto, (max-width: 1024px) 100vw, 1024px\" \/><\/a><figcaption class=\"wp-element-caption\">Anciens vestiaires et nouveau local de rangement<\/figcaption><\/figure>\n\n\n\n<figure class=\"wp-block-image size-large\"><a href=\"https:\/\/fcmonswiller.fr\/wp-content\/uploads\/2024\/10\/club_house_vestiaires-1-scaled.jpg\"><img loading=\"lazy\" decoding=\"async\" width=\"1024\" height=\"576\" data-id=\"918\" src=\"https:\/\/fcmonswiller.fr\/wp-content\/uploads\/2024\/10\/club_house_vestiaires-1-1024x576.jpg\" alt=\"\" class=\"wp-image-918\" srcset=\"https:\/\/fcmonswiller.fr\/wp-content\/uploads\/2024\/10\/club_house_vestiaires-1-1024x576.jpg 1024w, https:\/\/fcmonswiller.fr\/wp-content\/uploads\/2024\/10\/club_house_vestiaires-1-300x169.jpg 300w, https:\/\/fcmonswiller.fr\/wp-content\/uploads\/2024\/10\/club_house_vestiaires-1-768x432.jpg 768w, https:\/\/fcmonswiller.fr\/wp-content\/uploads\/2024\/10\/club_house_vestiaires-1-1536x864.jpg 1536w, https:\/\/fcmonswiller.fr\/wp-content\/uploads\/2024\/10\/club_house_vestiaires-1-2048x1152.jpg 2048w\" sizes=\"auto, (max-width: 1024px) 100vw, 1024px\" \/><\/a><figcaption class=\"wp-element-caption\">Nouveaux vestiaires et club-house<\/figcaption><\/figure>\n\n\n\n<figure class=\"wp-block-image size-large\"><a href=\"https:\/\/fcmonswiller.fr\/wp-content\/uploads\/2024\/10\/projecteur-scaled.jpg\"><img loading=\"lazy\" decoding=\"async\" width=\"1024\" height=\"576\" data-id=\"915\" src=\"https:\/\/fcmonswiller.fr\/wp-content\/uploads\/2024\/10\/projecteur-1024x576.jpg\" alt=\"\" class=\"wp-image-915\" srcset=\"https:\/\/fcmonswiller.fr\/wp-content\/uploads\/2024\/10\/projecteur-1024x576.jpg 1024w, https:\/\/fcmonswiller.fr\/wp-content\/uploads\/2024\/10\/projecteur-300x169.jpg 300w, https:\/\/fcmonswiller.fr\/wp-content\/uploads\/2024\/10\/projecteur-768x432.jpg 768w, https:\/\/fcmonswiller.fr\/wp-content\/uploads\/2024\/10\/projecteur-1536x864.jpg 1536w, https:\/\/fcmonswiller.fr\/wp-content\/uploads\/2024\/10\/projecteur-2048x1152.jpg 2048w\" sizes=\"auto, (max-width: 1024px) 100vw, 1024px\" \/><\/a><figcaption class=\"wp-element-caption\">Un des 8 projecteurs du stade Zornmatt<\/figcaption><\/figure>\n\n\n\n<figure class=\"wp-block-image size-large\"><a href=\"https:\/\/fcmonswiller.fr\/wp-content\/uploads\/2024\/10\/stade_municipal-scaled.jpg\"><img loading=\"lazy\" decoding=\"async\" width=\"1024\" height=\"576\" data-id=\"916\" src=\"https:\/\/fcmonswiller.fr\/wp-content\/uploads\/2024\/10\/stade_municipal-1024x576.jpg\" alt=\"\" class=\"wp-image-916\" srcset=\"https:\/\/fcmonswiller.fr\/wp-content\/uploads\/2024\/10\/stade_municipal-1024x576.jpg 1024w, https:\/\/fcmonswiller.fr\/wp-content\/uploads\/2024\/10\/stade_municipal-300x169.jpg 300w, https:\/\/fcmonswiller.fr\/wp-content\/uploads\/2024\/10\/stade_municipal-768x432.jpg 768w, https:\/\/fcmonswiller.fr\/wp-content\/uploads\/2024\/10\/stade_municipal-1536x864.jpg 1536w, https:\/\/fcmonswiller.fr\/wp-content\/uploads\/2024\/10\/stade_municipal-2048x1152.jpg 2048w\" sizes=\"auto, (max-width: 1024px) 100vw, 1024px\" \/><\/a><figcaption class=\"wp-element-caption\">Le stade municipal<\/figcaption><\/figure>\n<\/figure>\n","protected":false},"excerpt":{"rendered":"<p>Si\u00e8ge social : 4, rue du Stade &#8211; 67700 Monswiller Couleurs :Maillot noir &#8211; Culotte blanche Effectif : Le nombre de licenci\u00e9(e)s au Football Club de Monswiller oscille entre 200 et 300 selon les saisons, filles et gar\u00e7ons de 3 \u00e0 77 ans. Installations : Le Football Club de Monswiller dispose de deux terrains \u00e0 [&hellip;]<\/p>\n","protected":false},"author":1,"featured_media":0,"parent":0,"menu_order":0,"comment_status":"closed","ping_status":"closed","template":"","meta":{"site-sidebar-layout":"default","site-content-layout":"","ast-site-content-layout":"","site-content-style":"default","site-sidebar-style":"default","ast-global-header-display":"","ast-banner-title-visibility":"","ast-main-header-display":"","ast-hfb-above-header-display":"","ast-hfb-below-header-display":"","ast-hfb-mobile-header-display":"","site-post-title":"","ast-breadcrumbs-content":"","ast-featured-img":"","footer-sml-layout":"","theme-transparent-header-meta":"","adv-header-id-meta":"","stick-header-meta":"","header-above-stick-meta":"","header-main-stick-meta":"","header-below-stick-meta":"","astra-migrate-meta-layouts":"default","ast-page-background-enabled":"default","ast-page-background-meta":{"desktop":{"background-color":"var(--ast-global-color-4)","background-image":"","background-repeat":"repeat","background-position":"center center","background-size":"auto","background-attachment":"scroll","background-type":"","background-media":"","overlay-type":"","overlay-color":"","overlay-opacity":"","overlay-gradient":""},"tablet":{"background-color":"","background-image":"","background-repeat":"repeat","background-position":"center center","background-size":"auto","background-attachment":"scroll","background-type":"","background-media":"","overlay-type":"","overlay-color":"","overlay-opacity":"","overlay-gradient":""},"mobile":{"background-color":"","background-image":"","background-repeat":"repeat","background-position":"center center","background-size":"auto","background-attachment":"scroll","background-type":"","background-media":"","overlay-type":"","overlay-color":"","overlay-opacity":"","overlay-gradient":""}},"ast-content-background-meta":{"desktop":{"background-color":"var(--ast-global-color-5)","background-image":"","background-repeat":"repeat","background-position":"center center","background-size":"auto","background-attachment":"scroll","background-type":"","background-media":"","overlay-type":"","overlay-color":"","overlay-opacity":"","overlay-gradient":""},"tablet":{"background-color":"var(--ast-global-color-5)","background-image":"","background-repeat":"repeat","background-position":"center center","background-size":"auto","background-attachment":"scroll","background-type":"","background-media":"","overlay-type":"","overlay-color":"","overlay-opacity":"","overlay-gradient":""},"mobile":{"background-color":"var(--ast-global-color-5)","background-image":"","background-repeat":"repeat","background-position":"center center","background-size":"auto","background-attachment":"scroll","background-type":"","background-media":"","overlay-type":"","overlay-color":"","overlay-opacity":"","overlay-gradient":""}},"footnotes":""},"class_list":["post-458","page","type-page","status-publish","hentry"],"_links":{"self":[{"href":"https:\/\/fcmonswiller.fr\/index.php?rest_route=\/wp\/v2\/pages\/458","targetHints":{"allow":["GET"]}}],"collection":[{"href":"https:\/\/fcmonswiller.fr\/index.php?rest_route=\/wp\/v2\/pages"}],"about":[{"href":"https:\/\/fcmonswiller.fr\/index.php?rest_route=\/wp\/v2\/types\/page"}],"author":[{"embeddable":true,"href":"https:\/\/fcmonswiller.fr\/index.php?rest_route=\/wp\/v2\/users\/1"}],"replies":[{"embeddable":true,"href":"https:\/\/fcmonswiller.fr\/index.php?rest_route=%2Fwp%2Fv2%2Fcomments&post=458"}],"version-history":[{"count":5,"href":"https:\/\/fcmonswiller.fr\/index.php?rest_route=\/wp\/v2\/pages\/458\/revisions"}],"predecessor-version":[{"id":920,"href":"https:\/\/fcmonswiller.fr\/index.php?rest_route=\/wp\/v2\/pages\/458\/revisions\/920"}],"wp:attachment":[{"href":"https:\/\/fcmonswiller.fr\/index.php?rest_route=%2Fwp%2Fv2%2Fmedia&parent=458"}],"curies":[{"name":"wp","href":"https:\/\/api.w.org\/{rel}","templated":true}]}}