{"id":472,"date":"2023-11-16T19:18:48","date_gmt":"2023-11-16T18:18:48","guid":{"rendered":"https:\/\/fcmonswiller.fr\/?page_id=472"},"modified":"2026-04-12T08:01:55","modified_gmt":"2026-04-12T06:01:55","slug":"futsal","status":"publish","type":"page","link":"https:\/\/fcmonswiller.fr\/?page_id=472","title":{"rendered":"Futsal"},"content":{"rendered":"\n<p>La municipalit\u00e9 de Monswiller nous met \u00e0 disposition le hall de sports situ\u00e9 \u00e0 cot\u00e9 du stade Zornmatt pour des entra\u00eenements en salle, nous la remercions tr\u00e8s sinc\u00e8rement.<br>Merci aux utilisateurs des lieux de respecter les r\u00e8gles d&rsquo;utilisation de ce local, ainsi que sa propret\u00e9.<\/p>\n\n\n\n<p>Retrouvez le planning complet des entra\u00eenements en salle pour la saison 2025\/2026 en cliquant sur ce lien : <a href=\"https:\/\/calendar.google.com\/calendar\/u\/0\/embed?src=c_2cf9618f3f017a6cba18b475c3091349097e670b07e930b05d5dbd05748d84eb@group.calendar.google.com&amp;ctz=UTC\" target=\"_blank\" rel=\"noreferrer noopener\">PLANNING FUTSAL 2025\/2026<\/a> (PS : S\u00e9lectionner le mode \u00ab\u00a0semaine\u00a0\u00bb en haut \u00e0 gauche pour davantage de lisibilit\u00e9).<\/p>\n\n\n\n<p><strong>ATTENTION : Le hall de sport n&rsquo;est pas disponible aux dates suivantes :<\/strong> (Pour les week-end, la salle sera prise \u00e0 compter du samedi midi et jusqu\u2019au dimanche soir)<\/p>\n\n\n\n<ul class=\"wp-block-list\">\n<li>Le 30 et 31 mai 2026<\/li>\n<\/ul>\n\n\n\n<ul class=\"wp-block-list\"><\/ul>\n\n\n\n<div class=\"wp-block-columns is-layout-flex wp-container-core-columns-is-layout-28f84493 wp-block-columns-is-layout-flex\">\n<div class=\"wp-block-column is-layout-flow wp-block-column-is-layout-flow\">\n<figure class=\"wp-block-image size-large\"><img loading=\"lazy\" decoding=\"async\" width=\"1024\" height=\"768\" src=\"https:\/\/fcmonswiller.fr\/wp-content\/uploads\/2023\/11\/hall_de_sport_1-1024x768.jpg\" alt=\"\" class=\"wp-image-486\" srcset=\"https:\/\/fcmonswiller.fr\/wp-content\/uploads\/2023\/11\/hall_de_sport_1-1024x768.jpg 1024w, https:\/\/fcmonswiller.fr\/wp-content\/uploads\/2023\/11\/hall_de_sport_1-300x225.jpg 300w, https:\/\/fcmonswiller.fr\/wp-content\/uploads\/2023\/11\/hall_de_sport_1-768x576.jpg 768w, https:\/\/fcmonswiller.fr\/wp-content\/uploads\/2023\/11\/hall_de_sport_1-1536x1152.jpg 1536w, https:\/\/fcmonswiller.fr\/wp-content\/uploads\/2023\/11\/hall_de_sport_1-2048x1536.jpg 2048w\" sizes=\"auto, (max-width: 1024px) 100vw, 1024px\" \/><\/figure>\n<\/div>\n\n\n\n<div class=\"wp-block-column is-layout-flow wp-block-column-is-layout-flow\">\n<figure class=\"wp-block-image size-large is-resized\"><img loading=\"lazy\" decoding=\"async\" width=\"1024\" height=\"754\" src=\"https:\/\/fcmonswiller.fr\/wp-content\/uploads\/2023\/11\/hall_de_sport_2-1024x754.jpg\" alt=\"\" class=\"wp-image-487\" style=\"width:557px;height:auto\" srcset=\"https:\/\/fcmonswiller.fr\/wp-content\/uploads\/2023\/11\/hall_de_sport_2-1024x754.jpg 1024w, https:\/\/fcmonswiller.fr\/wp-content\/uploads\/2023\/11\/hall_de_sport_2-300x221.jpg 300w, https:\/\/fcmonswiller.fr\/wp-content\/uploads\/2023\/11\/hall_de_sport_2-768x565.jpg 768w, https:\/\/fcmonswiller.fr\/wp-content\/uploads\/2023\/11\/hall_de_sport_2-1536x1131.jpg 1536w, https:\/\/fcmonswiller.fr\/wp-content\/uploads\/2023\/11\/hall_de_sport_2-2048x1508.jpg 2048w\" sizes=\"auto, (max-width: 1024px) 100vw, 1024px\" \/><\/figure>\n<\/div>\n<\/div>\n","protected":false},"excerpt":{"rendered":"<p>La municipalit\u00e9 de Monswiller nous met \u00e0 disposition le hall de sports situ\u00e9 \u00e0 cot\u00e9 du stade Zornmatt pour des entra\u00eenements en salle, nous la remercions tr\u00e8s sinc\u00e8rement.Merci aux utilisateurs des lieux de respecter les r\u00e8gles d&rsquo;utilisation de ce local, ainsi que sa propret\u00e9. Retrouvez le planning complet des entra\u00eenements en salle pour la saison [&hellip;]<\/p>\n","protected":false},"author":1,"featured_media":0,"parent":0,"menu_order":0,"comment_status":"closed","ping_status":"closed","template":"","meta":{"site-sidebar-layout":"default","site-content-layout":"","ast-site-content-layout":"","site-content-style":"default","site-sidebar-style":"default","ast-global-header-display":"","ast-banner-title-visibility":"","ast-main-header-display":"","ast-hfb-above-header-display":"","ast-hfb-below-header-display":"","ast-hfb-mobile-header-display":"","site-post-title":"","ast-breadcrumbs-content":"","ast-featured-img":"","footer-sml-layout":"","theme-transparent-header-meta":"","adv-header-id-meta":"","stick-header-meta":"","header-above-stick-meta":"","header-main-stick-meta":"","header-below-stick-meta":"","astra-migrate-meta-layouts":"default","ast-page-background-enabled":"default","ast-page-background-meta":{"desktop":{"background-color":"var(--ast-global-color-4)","background-image":"","background-repeat":"repeat","background-position":"center center","background-size":"auto","background-attachment":"scroll","background-type":"","background-media":"","overlay-type":"","overlay-color":"","overlay-opacity":"","overlay-gradient":""},"tablet":{"background-color":"","background-image":"","background-repeat":"repeat","background-position":"center center","background-size":"auto","background-attachment":"scroll","background-type":"","background-media":"","overlay-type":"","overlay-color":"","overlay-opacity":"","overlay-gradient":""},"mobile":{"background-color":"","background-image":"","background-repeat":"repeat","background-position":"center center","background-size":"auto","background-attachment":"scroll","background-type":"","background-media":"","overlay-type":"","overlay-color":"","overlay-opacity":"","overlay-gradient":""}},"ast-content-background-meta":{"desktop":{"background-color":"var(--ast-global-color-5)","background-image":"","background-repeat":"repeat","background-position":"center center","background-size":"auto","background-attachment":"scroll","background-type":"","background-media":"","overlay-type":"","overlay-color":"","overlay-opacity":"","overlay-gradient":""},"tablet":{"background-color":"var(--ast-global-color-5)","background-image":"","background-repeat":"repeat","background-position":"center center","background-size":"auto","background-attachment":"scroll","background-type":"","background-media":"","overlay-type":"","overlay-color":"","overlay-opacity":"","overlay-gradient":""},"mobile":{"background-color":"var(--ast-global-color-5)","background-image":"","background-repeat":"repeat","background-position":"center center","background-size":"auto","background-attachment":"scroll","background-type":"","background-media":"","overlay-type":"","overlay-color":"","overlay-opacity":"","overlay-gradient":""}},"footnotes":""},"class_list":["post-472","page","type-page","status-publish","hentry"],"_links":{"self":[{"href":"https:\/\/fcmonswiller.fr\/index.php?rest_route=\/wp\/v2\/pages\/472","targetHints":{"allow":["GET"]}}],"collection":[{"href":"https:\/\/fcmonswiller.fr\/index.php?rest_route=\/wp\/v2\/pages"}],"about":[{"href":"https:\/\/fcmonswiller.fr\/index.php?rest_route=\/wp\/v2\/types\/page"}],"author":[{"embeddable":true,"href":"https:\/\/fcmonswiller.fr\/index.php?rest_route=\/wp\/v2\/users\/1"}],"replies":[{"embeddable":true,"href":"https:\/\/fcmonswiller.fr\/index.php?rest_route=%2Fwp%2Fv2%2Fcomments&post=472"}],"version-history":[{"count":27,"href":"https:\/\/fcmonswiller.fr\/index.php?rest_route=\/wp\/v2\/pages\/472\/revisions"}],"predecessor-version":[{"id":1394,"href":"https:\/\/fcmonswiller.fr\/index.php?rest_route=\/wp\/v2\/pages\/472\/revisions\/1394"}],"wp:attachment":[{"href":"https:\/\/fcmonswiller.fr\/index.php?rest_route=%2Fwp%2Fv2%2Fmedia&parent=472"}],"curies":[{"name":"wp","href":"https:\/\/api.w.org\/{rel}","templated":true}]}}