{"id":578,"date":"2024-03-18T10:48:17","date_gmt":"2024-03-18T09:48:17","guid":{"rendered":"https:\/\/fcmonswiller.fr\/?page_id=578"},"modified":"2025-09-21T20:49:04","modified_gmt":"2025-09-21T18:49:04","slug":"les-equipes-seniors-masculins","status":"publish","type":"page","link":"https:\/\/fcmonswiller.fr\/?page_id=578","title":{"rendered":"Seniors masculins"},"content":{"rendered":"\n<p>Pour la saison 2025\/2026, voici la composition de l&rsquo;encadrement des \u00e9quipes seniors masculins et les horaires d&rsquo;entra\u00eenement :<\/p>\n\n\n\n<p class=\"has-black-color has-pale-ocean-gradient-background has-text-color has-background has-link-color wp-elements-b27df6bba18991dc3edce855b9aac198\" style=\"font-size:14px\"><strong>Seniors 1 :<\/strong><br>Alix MANIJEAN (responsable) : T\u00e9l : 06 35 59 38 66 \/ Mail : manialix@free.fr<br>Entra\u00eenement les mardis et jeudis \u00e0 19h30<br><strong>Reprise des entra\u00eenements le mardi 8 juillet 202<\/strong>5<\/p>\n\n\n\n<p class=\"has-pale-ocean-gradient-background has-background\"><strong><strong>Seniors 2 :<\/strong><\/strong><br>Maxime DE ROSA : T\u00e9l : 07 89 72 24 46 \/ Mail : maximederosa@gmail.com<br>Entra\u00eenement les mardis et jeudis \u00e0 19h30<br><strong>Reprise des entra\u00eenements le mardi 8 juillet 202<\/strong>5<\/p>\n\n\n\n<p><br><br><br><br><br>Pour la saison 2024\/2025, voici la composition de l&rsquo;encadrement des \u00e9quipes seniors masculins et les horaires d&rsquo;entra\u00eenement :<\/p>\n\n\n\n<p class=\"has-black-color has-pale-ocean-gradient-background has-text-color has-background has-link-color wp-elements-56d5abd5deca7a75a05d360b64fc1094\" style=\"font-size:14px\"><strong>Seniors 1 :<\/strong><br>Alix MANIJEAN (responsable) : T\u00e9l : 06 35 59 38 66 \/ Mail : manialix@free.fr<br>Entra\u00eenement les mardis et jeudis \u00e0 19h30<br><strong>Reprise des entra\u00eenements le lundi 15 juillet \u00e0 19h30<\/strong><\/p>\n\n\n\n<p class=\"has-pale-ocean-gradient-background has-background\"><strong><strong>Seniors 2 :<\/strong><\/strong><br>Yann MILLET : T\u00e9l : 07 44 12 08 42 \/ Mail : millet_yann@icloud.com<br>Entra\u00eenement les mardis et jeudis \u00e0 19h30<\/p>\n\n\n\n<p><\/p>\n\n\n\n<figure class=\"wp-block-gallery has-nested-images columns-default is-cropped wp-block-gallery-1 is-layout-flex wp-block-gallery-is-layout-flex\">\n<figure class=\"wp-block-image size-large\"><a href=\"https:\/\/fcmonswiller.fr\/wp-content\/uploads\/2024\/10\/Seniors-M.jpg\"><img loading=\"lazy\" decoding=\"async\" width=\"1024\" height=\"768\" data-id=\"903\" src=\"https:\/\/fcmonswiller.fr\/wp-content\/uploads\/2024\/10\/Seniors-M-1024x768.jpg\" alt=\"\" class=\"wp-image-903\" srcset=\"https:\/\/fcmonswiller.fr\/wp-content\/uploads\/2024\/10\/Seniors-M-1024x768.jpg 1024w, https:\/\/fcmonswiller.fr\/wp-content\/uploads\/2024\/10\/Seniors-M-300x225.jpg 300w, https:\/\/fcmonswiller.fr\/wp-content\/uploads\/2024\/10\/Seniors-M-768x576.jpg 768w, https:\/\/fcmonswiller.fr\/wp-content\/uploads\/2024\/10\/Seniors-M-1536x1152.jpg 1536w, https:\/\/fcmonswiller.fr\/wp-content\/uploads\/2024\/10\/Seniors-M.jpg 1920w\" sizes=\"auto, (max-width: 1024px) 100vw, 1024px\" \/><\/a><figcaption class=\"wp-element-caption\">Senior 1 D4 &#8211; Saison 2024\/2025<\/figcaption><\/figure>\n<\/figure>\n","protected":false},"excerpt":{"rendered":"<p>Pour la saison 2025\/2026, voici la composition de l&rsquo;encadrement des \u00e9quipes seniors masculins et les horaires d&rsquo;entra\u00eenement : Seniors 1 :Alix MANIJEAN (responsable) : T\u00e9l : 06 35 59 38 66 \/ Mail : manialix@free.frEntra\u00eenement les mardis et jeudis \u00e0 19h30Reprise des entra\u00eenements le mardi 8 juillet 2025 Seniors 2 :Maxime DE ROSA : T\u00e9l [&hellip;]<\/p>\n","protected":false},"author":1,"featured_media":0,"parent":0,"menu_order":0,"comment_status":"closed","ping_status":"closed","template":"","meta":{"site-sidebar-layout":"default","site-content-layout":"","ast-site-content-layout":"","site-content-style":"default","site-sidebar-style":"default","ast-global-header-display":"","ast-banner-title-visibility":"","ast-main-header-display":"","ast-hfb-above-header-display":"","ast-hfb-below-header-display":"","ast-hfb-mobile-header-display":"","site-post-title":"","ast-breadcrumbs-content":"","ast-featured-img":"","footer-sml-layout":"","theme-transparent-header-meta":"","adv-header-id-meta":"","stick-header-meta":"","header-above-stick-meta":"","header-main-stick-meta":"","header-below-stick-meta":"","astra-migrate-meta-layouts":"default","ast-page-background-enabled":"default","ast-page-background-meta":{"desktop":{"background-color":"var(--ast-global-color-4)","background-image":"","background-repeat":"repeat","background-position":"center center","background-size":"auto","background-attachment":"scroll","background-type":"","background-media":"","overlay-type":"","overlay-color":"","overlay-opacity":"","overlay-gradient":""},"tablet":{"background-color":"","background-image":"","background-repeat":"repeat","background-position":"center center","background-size":"auto","background-attachment":"scroll","background-type":"","background-media":"","overlay-type":"","overlay-color":"","overlay-opacity":"","overlay-gradient":""},"mobile":{"background-color":"","background-image":"","background-repeat":"repeat","background-position":"center center","background-size":"auto","background-attachment":"scroll","background-type":"","background-media":"","overlay-type":"","overlay-color":"","overlay-opacity":"","overlay-gradient":""}},"ast-content-background-meta":{"desktop":{"background-color":"var(--ast-global-color-5)","background-image":"","background-repeat":"repeat","background-position":"center center","background-size":"auto","background-attachment":"scroll","background-type":"","background-media":"","overlay-type":"","overlay-color":"","overlay-opacity":"","overlay-gradient":""},"tablet":{"background-color":"var(--ast-global-color-5)","background-image":"","background-repeat":"repeat","background-position":"center center","background-size":"auto","background-attachment":"scroll","background-type":"","background-media":"","overlay-type":"","overlay-color":"","overlay-opacity":"","overlay-gradient":""},"mobile":{"background-color":"var(--ast-global-color-5)","background-image":"","background-repeat":"repeat","background-position":"center center","background-size":"auto","background-attachment":"scroll","background-type":"","background-media":"","overlay-type":"","overlay-color":"","overlay-opacity":"","overlay-gradient":""}},"footnotes":""},"class_list":["post-578","page","type-page","status-publish","hentry"],"_links":{"self":[{"href":"https:\/\/fcmonswiller.fr\/index.php?rest_route=\/wp\/v2\/pages\/578","targetHints":{"allow":["GET"]}}],"collection":[{"href":"https:\/\/fcmonswiller.fr\/index.php?rest_route=\/wp\/v2\/pages"}],"about":[{"href":"https:\/\/fcmonswiller.fr\/index.php?rest_route=\/wp\/v2\/types\/page"}],"author":[{"embeddable":true,"href":"https:\/\/fcmonswiller.fr\/index.php?rest_route=\/wp\/v2\/users\/1"}],"replies":[{"embeddable":true,"href":"https:\/\/fcmonswiller.fr\/index.php?rest_route=%2Fwp%2Fv2%2Fcomments&post=578"}],"version-history":[{"count":18,"href":"https:\/\/fcmonswiller.fr\/index.php?rest_route=\/wp\/v2\/pages\/578\/revisions"}],"predecessor-version":[{"id":1238,"href":"https:\/\/fcmonswiller.fr\/index.php?rest_route=\/wp\/v2\/pages\/578\/revisions\/1238"}],"wp:attachment":[{"href":"https:\/\/fcmonswiller.fr\/index.php?rest_route=%2Fwp%2Fv2%2Fmedia&parent=578"}],"curies":[{"name":"wp","href":"https:\/\/api.w.org\/{rel}","templated":true}]}}