{"id":583,"date":"2024-03-18T10:50:12","date_gmt":"2024-03-18T09:50:12","guid":{"rendered":"https:\/\/fcmonswiller.fr\/?page_id=583"},"modified":"2025-09-21T20:33:55","modified_gmt":"2025-09-21T18:33:55","slug":"veterans","status":"publish","type":"page","link":"https:\/\/fcmonswiller.fr\/?page_id=583","title":{"rendered":"V\u00e9t\u00e9rans \/ SV"},"content":{"rendered":"\n<p>Les v\u00e9t\u00e9rans et super v\u00e9t\u00e9rans du FC Monswiller sont en entente avec des clubs voisins depuis quelques saisons.<br>Pour la saison 2025\/2026, voici la composition de l&rsquo;encadrement des \u00e9quipes v\u00e9t\u00e9rans et les horaires d&rsquo;entra\u00eenement :<\/p>\n\n\n\n<p class=\"has-black-color has-pale-ocean-gradient-background has-text-color has-background has-link-color wp-elements-fa7164eb34338dc90dc0286b8c9d6b95\" style=\"font-size:14px\"><strong>V\u00e9t\u00e9rans :<\/strong><br>J\u00e9r\u00e9my BOCKEL (responsable pour le FC Monswiller) : T\u00e9l : 06 77 16 53 33 \/ Mail : jeremy@jacques-bockel.fr<br>Entra\u00eenement les &#8230;&#8230;&#8230;..<\/p>\n\n\n\n<p class=\"has-pale-ocean-gradient-background has-background\"><strong><strong>Super v\u00e9t\u00e9rans :<\/strong><\/strong><br>St\u00e9phane BOINET (responsable pour le FC Monswiller) : T\u00e9l : 06 75 24 09 52 \/ Mail : stephane.boinet@orange.fr<br>Entra\u00eenement les &#8230;&#8230;&#8230;..<\/p>\n\n\n\n<figure class=\"wp-block-gallery has-nested-images columns-default is-cropped wp-block-gallery-1 is-layout-flex wp-block-gallery-is-layout-flex\">\n<figure class=\"wp-block-image size-large\"><a href=\"https:\/\/fcmonswiller.fr\/wp-content\/uploads\/2025\/09\/2526_Superveteran.jpg\" target=\"_blank\" rel=\" noreferrer noopener\"><img loading=\"lazy\" decoding=\"async\" width=\"1024\" height=\"738\" data-id=\"1234\" src=\"https:\/\/fcmonswiller.fr\/wp-content\/uploads\/2025\/09\/2526_Superveteran-1024x738.jpg\" alt=\"\" class=\"wp-image-1234\" srcset=\"https:\/\/fcmonswiller.fr\/wp-content\/uploads\/2025\/09\/2526_Superveteran-1024x738.jpg 1024w, https:\/\/fcmonswiller.fr\/wp-content\/uploads\/2025\/09\/2526_Superveteran-300x216.jpg 300w, https:\/\/fcmonswiller.fr\/wp-content\/uploads\/2025\/09\/2526_Superveteran-768x553.jpg 768w, https:\/\/fcmonswiller.fr\/wp-content\/uploads\/2025\/09\/2526_Superveteran-1536x1106.jpg 1536w\" sizes=\"auto, (max-width: 1024px) 100vw, 1024px\" \/><\/a><figcaption class=\"wp-element-caption\">Super v\u00e9t\u00e9rans &#8211; Saison 2025\/2026<\/figcaption><\/figure>\n<\/figure>\n\n\n\n<p><br><br><br><br>Pour la saison 2024\/2025, voici la composition de l&rsquo;encadrement des \u00e9quipes v\u00e9t\u00e9rans et les horaires d&rsquo;entra\u00eenement :<\/p>\n\n\n\n<p class=\"has-black-color has-pale-ocean-gradient-background has-text-color has-background has-link-color wp-elements-fa7164eb34338dc90dc0286b8c9d6b95\" style=\"font-size:14px\"><strong>V\u00e9t\u00e9rans :<\/strong><br>J\u00e9r\u00e9my BOCKEL (responsable pour le FC Monswiller) : T\u00e9l : 06 77 16 53 33 \/ Mail : jeremy@jacques-bockel.fr<br>Entra\u00eenement les &#8230;&#8230;&#8230;..<\/p>\n\n\n\n<p class=\"has-pale-ocean-gradient-background has-background\"><strong><strong>Super v\u00e9t\u00e9rans :<\/strong><\/strong><br>St\u00e9phane BOINET (responsable pour le FC Monswiller) : T\u00e9l : 06 75 24 09 52 \/ Mail : stephane.boinet@orange.fr<br>Entra\u00eenement les &#8230;&#8230;&#8230;..<\/p>\n\n\n\n<p><\/p>\n\n\n\n<figure class=\"wp-block-gallery has-nested-images columns-default is-cropped wp-block-gallery-2 is-layout-flex wp-block-gallery-is-layout-flex\">\n<figure class=\"wp-block-image size-large\"><a href=\"https:\/\/fcmonswiller.fr\/wp-content\/uploads\/2023\/10\/231013_super_veterans-scaled.jpg\"><img loading=\"lazy\" decoding=\"async\" width=\"1024\" height=\"576\" data-id=\"332\" src=\"https:\/\/fcmonswiller.fr\/wp-content\/uploads\/2023\/10\/231013_super_veterans-1024x576.jpg\" alt=\"\" class=\"wp-image-332\" srcset=\"https:\/\/fcmonswiller.fr\/wp-content\/uploads\/2023\/10\/231013_super_veterans-1024x576.jpg 1024w, https:\/\/fcmonswiller.fr\/wp-content\/uploads\/2023\/10\/231013_super_veterans-300x169.jpg 300w, https:\/\/fcmonswiller.fr\/wp-content\/uploads\/2023\/10\/231013_super_veterans-768x432.jpg 768w, https:\/\/fcmonswiller.fr\/wp-content\/uploads\/2023\/10\/231013_super_veterans-1536x864.jpg 1536w, https:\/\/fcmonswiller.fr\/wp-content\/uploads\/2023\/10\/231013_super_veterans-2048x1152.jpg 2048w\" sizes=\"auto, (max-width: 1024px) 100vw, 1024px\" \/><\/a><figcaption class=\"wp-element-caption\">Supers v\u00e9t\u00e9rans de l&rsquo;entente &#8211; Saison 2023\/2024<\/figcaption><\/figure>\n\n\n\n<figure class=\"wp-block-image size-large\"><a href=\"https:\/\/fcmonswiller.fr\/wp-content\/uploads\/2024\/10\/Les-supers-veterans.jpg-photo-2.jpg\"><img loading=\"lazy\" decoding=\"async\" width=\"1024\" height=\"576\" data-id=\"906\" src=\"https:\/\/fcmonswiller.fr\/wp-content\/uploads\/2024\/10\/Les-supers-veterans.jpg-photo-2-1024x576.jpg\" alt=\"\" class=\"wp-image-906\" srcset=\"https:\/\/fcmonswiller.fr\/wp-content\/uploads\/2024\/10\/Les-supers-veterans.jpg-photo-2-1024x576.jpg 1024w, https:\/\/fcmonswiller.fr\/wp-content\/uploads\/2024\/10\/Les-supers-veterans.jpg-photo-2-300x169.jpg 300w, https:\/\/fcmonswiller.fr\/wp-content\/uploads\/2024\/10\/Les-supers-veterans.jpg-photo-2-768x432.jpg 768w, https:\/\/fcmonswiller.fr\/wp-content\/uploads\/2024\/10\/Les-supers-veterans.jpg-photo-2-1536x864.jpg 1536w, https:\/\/fcmonswiller.fr\/wp-content\/uploads\/2024\/10\/Les-supers-veterans.jpg-photo-2.jpg 2048w\" sizes=\"auto, (max-width: 1024px) 100vw, 1024px\" \/><\/a><figcaption class=\"wp-element-caption\">Supers v\u00e9t\u00e9rans de l&rsquo;entente &#8211; Saison 2024\/2025<\/figcaption><\/figure>\n\n\n\n<figure class=\"wp-block-image size-large\"><a href=\"https:\/\/fcmonswiller.fr\/wp-content\/uploads\/2024\/10\/Veteran.jpg\"><img loading=\"lazy\" decoding=\"async\" width=\"1024\" height=\"768\" data-id=\"907\" src=\"https:\/\/fcmonswiller.fr\/wp-content\/uploads\/2024\/10\/Veteran-1024x768.jpg\" alt=\"\" class=\"wp-image-907\" srcset=\"https:\/\/fcmonswiller.fr\/wp-content\/uploads\/2024\/10\/Veteran-1024x768.jpg 1024w, https:\/\/fcmonswiller.fr\/wp-content\/uploads\/2024\/10\/Veteran-300x225.jpg 300w, https:\/\/fcmonswiller.fr\/wp-content\/uploads\/2024\/10\/Veteran-768x576.jpg 768w, https:\/\/fcmonswiller.fr\/wp-content\/uploads\/2024\/10\/Veteran-1536x1152.jpg 1536w, https:\/\/fcmonswiller.fr\/wp-content\/uploads\/2024\/10\/Veteran.jpg 1600w\" sizes=\"auto, (max-width: 1024px) 100vw, 1024px\" \/><\/a><figcaption class=\"wp-element-caption\">V\u00e9t\u00e9rans de l&rsquo;entente &#8211; Saison 2024\/2025<\/figcaption><\/figure>\n\n\n\n<figure class=\"wp-block-image size-large\"><a href=\"https:\/\/fcmonswiller.fr\/wp-content\/uploads\/2024\/10\/Les-anciens-du-FC-Monswiller-1.jpg\"><img loading=\"lazy\" decoding=\"async\" width=\"1024\" height=\"538\" data-id=\"909\" src=\"https:\/\/fcmonswiller.fr\/wp-content\/uploads\/2024\/10\/Les-anciens-du-FC-Monswiller-1-1024x538.jpg\" alt=\"\" class=\"wp-image-909\" srcset=\"https:\/\/fcmonswiller.fr\/wp-content\/uploads\/2024\/10\/Les-anciens-du-FC-Monswiller-1-1024x538.jpg 1024w, https:\/\/fcmonswiller.fr\/wp-content\/uploads\/2024\/10\/Les-anciens-du-FC-Monswiller-1-300x158.jpg 300w, https:\/\/fcmonswiller.fr\/wp-content\/uploads\/2024\/10\/Les-anciens-du-FC-Monswiller-1-768x404.jpg 768w, https:\/\/fcmonswiller.fr\/wp-content\/uploads\/2024\/10\/Les-anciens-du-FC-Monswiller-1-1536x807.jpg 1536w, https:\/\/fcmonswiller.fr\/wp-content\/uploads\/2024\/10\/Les-anciens-du-FC-Monswiller-1.jpg 1600w\" sizes=\"auto, (max-width: 1024px) 100vw, 1024px\" \/><\/a><figcaption class=\"wp-element-caption\">Les anciennes gloires &#8211; Juillet 2025<\/figcaption><\/figure>\n<\/figure>\n","protected":false},"excerpt":{"rendered":"<p>Les v\u00e9t\u00e9rans et super v\u00e9t\u00e9rans du FC Monswiller sont en entente avec des clubs voisins depuis quelques saisons.Pour la saison 2025\/2026, voici la composition de l&rsquo;encadrement des \u00e9quipes v\u00e9t\u00e9rans et les horaires d&rsquo;entra\u00eenement : V\u00e9t\u00e9rans :J\u00e9r\u00e9my BOCKEL (responsable pour le FC Monswiller) : T\u00e9l : 06 77 16 53 33 \/ Mail : jeremy@jacques-bockel.frEntra\u00eenement les [&hellip;]<\/p>\n","protected":false},"author":1,"featured_media":0,"parent":0,"menu_order":0,"comment_status":"closed","ping_status":"closed","template":"","meta":{"site-sidebar-layout":"default","site-content-layout":"","ast-site-content-layout":"","site-content-style":"default","site-sidebar-style":"default","ast-global-header-display":"","ast-banner-title-visibility":"","ast-main-header-display":"","ast-hfb-above-header-display":"","ast-hfb-below-header-display":"","ast-hfb-mobile-header-display":"","site-post-title":"","ast-breadcrumbs-content":"","ast-featured-img":"","footer-sml-layout":"","theme-transparent-header-meta":"","adv-header-id-meta":"","stick-header-meta":"","header-above-stick-meta":"","header-main-stick-meta":"","header-below-stick-meta":"","astra-migrate-meta-layouts":"default","ast-page-background-enabled":"default","ast-page-background-meta":{"desktop":{"background-color":"var(--ast-global-color-4)","background-image":"","background-repeat":"repeat","background-position":"center center","background-size":"auto","background-attachment":"scroll","background-type":"","background-media":"","overlay-type":"","overlay-color":"","overlay-opacity":"","overlay-gradient":""},"tablet":{"background-color":"","background-image":"","background-repeat":"repeat","background-position":"center center","background-size":"auto","background-attachment":"scroll","background-type":"","background-media":"","overlay-type":"","overlay-color":"","overlay-opacity":"","overlay-gradient":""},"mobile":{"background-color":"","background-image":"","background-repeat":"repeat","background-position":"center center","background-size":"auto","background-attachment":"scroll","background-type":"","background-media":"","overlay-type":"","overlay-color":"","overlay-opacity":"","overlay-gradient":""}},"ast-content-background-meta":{"desktop":{"background-color":"var(--ast-global-color-5)","background-image":"","background-repeat":"repeat","background-position":"center center","background-size":"auto","background-attachment":"scroll","background-type":"","background-media":"","overlay-type":"","overlay-color":"","overlay-opacity":"","overlay-gradient":""},"tablet":{"background-color":"var(--ast-global-color-5)","background-image":"","background-repeat":"repeat","background-position":"center center","background-size":"auto","background-attachment":"scroll","background-type":"","background-media":"","overlay-type":"","overlay-color":"","overlay-opacity":"","overlay-gradient":""},"mobile":{"background-color":"var(--ast-global-color-5)","background-image":"","background-repeat":"repeat","background-position":"center center","background-size":"auto","background-attachment":"scroll","background-type":"","background-media":"","overlay-type":"","overlay-color":"","overlay-opacity":"","overlay-gradient":""}},"footnotes":""},"class_list":["post-583","page","type-page","status-publish","hentry"],"_links":{"self":[{"href":"https:\/\/fcmonswiller.fr\/index.php?rest_route=\/wp\/v2\/pages\/583","targetHints":{"allow":["GET"]}}],"collection":[{"href":"https:\/\/fcmonswiller.fr\/index.php?rest_route=\/wp\/v2\/pages"}],"about":[{"href":"https:\/\/fcmonswiller.fr\/index.php?rest_route=\/wp\/v2\/types\/page"}],"author":[{"embeddable":true,"href":"https:\/\/fcmonswiller.fr\/index.php?rest_route=\/wp\/v2\/users\/1"}],"replies":[{"embeddable":true,"href":"https:\/\/fcmonswiller.fr\/index.php?rest_route=%2Fwp%2Fv2%2Fcomments&post=583"}],"version-history":[{"count":11,"href":"https:\/\/fcmonswiller.fr\/index.php?rest_route=\/wp\/v2\/pages\/583\/revisions"}],"predecessor-version":[{"id":1236,"href":"https:\/\/fcmonswiller.fr\/index.php?rest_route=\/wp\/v2\/pages\/583\/revisions\/1236"}],"wp:attachment":[{"href":"https:\/\/fcmonswiller.fr\/index.php?rest_route=%2Fwp%2Fv2%2Fmedia&parent=583"}],"curies":[{"name":"wp","href":"https:\/\/api.w.org\/{rel}","templated":true}]}}