{"id":714,"date":"2024-06-13T15:06:29","date_gmt":"2024-06-13T13:06:29","guid":{"rendered":"https:\/\/fcmonswiller.fr\/?page_id=714"},"modified":"2025-09-06T07:50:55","modified_gmt":"2025-09-06T05:50:55","slug":"boutique","status":"publish","type":"page","link":"https:\/\/fcmonswiller.fr\/?page_id=714","title":{"rendered":"Boutique"},"content":{"rendered":"\n<p class=\"has-text-align-center has-medium-font-size\"><strong>TARIFS \u00c9QUIPEMENTS (au 1er juillet 2025)<\/strong><\/p>\n\n\n\n<p>Le FC Monswiller propose \u00e0 la vente, en collaboration avec le E. Leclerc Sport de Sarrebourg, l&rsquo;ensemble des \u00e9l\u00e9ments ci-dessous :<br>Les commandes se font group\u00e9es par le biais du responsable de cat\u00e9gorie.<br>Pour tout renseignement, vous pouvez contacter No\u00e9mie au 06 46 53 32 29.<\/p>\n\n\n\n<figure class=\"wp-block-gallery has-nested-images columns-default is-cropped wp-block-gallery-1 is-layout-flex wp-block-gallery-is-layout-flex\">\n<figure class=\"wp-block-image size-large\"><a href=\"https:\/\/fcmonswiller.fr\/wp-content\/uploads\/2025\/05\/494574269_1261562281977964_2226155578891897753_n-1.jpg\" target=\"_blank\" rel=\"noreferrer noopener\"><img loading=\"lazy\" decoding=\"async\" width=\"1024\" height=\"956\" data-id=\"1062\" src=\"https:\/\/fcmonswiller.fr\/wp-content\/uploads\/2025\/05\/494574269_1261562281977964_2226155578891897753_n-1-1024x956.jpg\" alt=\"\" class=\"wp-image-1062\" srcset=\"https:\/\/fcmonswiller.fr\/wp-content\/uploads\/2025\/05\/494574269_1261562281977964_2226155578891897753_n-1-1024x956.jpg 1024w, https:\/\/fcmonswiller.fr\/wp-content\/uploads\/2025\/05\/494574269_1261562281977964_2226155578891897753_n-1-300x280.jpg 300w, https:\/\/fcmonswiller.fr\/wp-content\/uploads\/2025\/05\/494574269_1261562281977964_2226155578891897753_n-1-768x717.jpg 768w, https:\/\/fcmonswiller.fr\/wp-content\/uploads\/2025\/05\/494574269_1261562281977964_2226155578891897753_n-1.jpg 1102w\" sizes=\"auto, (max-width: 1024px) 100vw, 1024px\" \/><\/a><\/figure>\n\n\n\n<figure class=\"wp-block-image size-large\"><a href=\"http:\/\/fcmonswiller.fr\/wp-content\/uploads\/2025\/09\/OPTION1704222.pdf\" target=\"_blank\" rel=\"noreferrer noopener\"><img loading=\"lazy\" decoding=\"async\" width=\"1024\" height=\"724\" data-id=\"1204\" src=\"http:\/\/fcmonswiller.fr\/wp-content\/uploads\/2025\/09\/OPTION1704222-pdf-1024x724.jpg\" alt=\"\" class=\"wp-image-1204\"\/><\/a><\/figure>\n<\/figure>\n\n\n\n<p class=\"has-black-color has-pale-ocean-gradient-background has-text-color has-background has-link-color wp-elements-6e1be815f8ff1a786e74150a041b46ea\">TAILLES ENFANTS 116, 128, 140, 152, 164<br>TAILLES ADULTES : S, M, L, XL, 2XL, 3XL, 4XL(pour certains mod\u00e8les)<br>TAILLES FEMMES (uniquement pour certains mod\u00e8les) : 34, 36, 38, 40, 42, 44<\/p>\n\n\n\n<p><\/p>\n","protected":false},"excerpt":{"rendered":"<p>TARIFS \u00c9QUIPEMENTS (au 1er juillet 2025) Le FC Monswiller propose \u00e0 la vente, en collaboration avec le E. Leclerc Sport de Sarrebourg, l&rsquo;ensemble des \u00e9l\u00e9ments ci-dessous :Les commandes se font group\u00e9es par le biais du responsable de cat\u00e9gorie.Pour tout renseignement, vous pouvez contacter No\u00e9mie au 06 46 53 32 29. TAILLES ENFANTS 116, 128, 140, [&hellip;]<\/p>\n","protected":false},"author":1,"featured_media":0,"parent":0,"menu_order":0,"comment_status":"closed","ping_status":"closed","template":"","meta":{"site-sidebar-layout":"default","site-content-layout":"","ast-site-content-layout":"","site-content-style":"default","site-sidebar-style":"default","ast-global-header-display":"","ast-banner-title-visibility":"","ast-main-header-display":"","ast-hfb-above-header-display":"","ast-hfb-below-header-display":"","ast-hfb-mobile-header-display":"","site-post-title":"","ast-breadcrumbs-content":"","ast-featured-img":"","footer-sml-layout":"","theme-transparent-header-meta":"","adv-header-id-meta":"","stick-header-meta":"","header-above-stick-meta":"","header-main-stick-meta":"","header-below-stick-meta":"","astra-migrate-meta-layouts":"default","ast-page-background-enabled":"default","ast-page-background-meta":{"desktop":{"background-color":"var(--ast-global-color-4)","background-image":"","background-repeat":"repeat","background-position":"center center","background-size":"auto","background-attachment":"scroll","background-type":"","background-media":"","overlay-type":"","overlay-color":"","overlay-opacity":"","overlay-gradient":""},"tablet":{"background-color":"","background-image":"","background-repeat":"repeat","background-position":"center center","background-size":"auto","background-attachment":"scroll","background-type":"","background-media":"","overlay-type":"","overlay-color":"","overlay-opacity":"","overlay-gradient":""},"mobile":{"background-color":"","background-image":"","background-repeat":"repeat","background-position":"center center","background-size":"auto","background-attachment":"scroll","background-type":"","background-media":"","overlay-type":"","overlay-color":"","overlay-opacity":"","overlay-gradient":""}},"ast-content-background-meta":{"desktop":{"background-color":"var(--ast-global-color-5)","background-image":"","background-repeat":"repeat","background-position":"center center","background-size":"auto","background-attachment":"scroll","background-type":"","background-media":"","overlay-type":"","overlay-color":"","overlay-opacity":"","overlay-gradient":""},"tablet":{"background-color":"var(--ast-global-color-5)","background-image":"","background-repeat":"repeat","background-position":"center center","background-size":"auto","background-attachment":"scroll","background-type":"","background-media":"","overlay-type":"","overlay-color":"","overlay-opacity":"","overlay-gradient":""},"mobile":{"background-color":"var(--ast-global-color-5)","background-image":"","background-repeat":"repeat","background-position":"center center","background-size":"auto","background-attachment":"scroll","background-type":"","background-media":"","overlay-type":"","overlay-color":"","overlay-opacity":"","overlay-gradient":""}},"footnotes":""},"class_list":["post-714","page","type-page","status-publish","hentry"],"_links":{"self":[{"href":"https:\/\/fcmonswiller.fr\/index.php?rest_route=\/wp\/v2\/pages\/714","targetHints":{"allow":["GET"]}}],"collection":[{"href":"https:\/\/fcmonswiller.fr\/index.php?rest_route=\/wp\/v2\/pages"}],"about":[{"href":"https:\/\/fcmonswiller.fr\/index.php?rest_route=\/wp\/v2\/types\/page"}],"author":[{"embeddable":true,"href":"https:\/\/fcmonswiller.fr\/index.php?rest_route=\/wp\/v2\/users\/1"}],"replies":[{"embeddable":true,"href":"https:\/\/fcmonswiller.fr\/index.php?rest_route=%2Fwp%2Fv2%2Fcomments&post=714"}],"version-history":[{"count":5,"href":"https:\/\/fcmonswiller.fr\/index.php?rest_route=\/wp\/v2\/pages\/714\/revisions"}],"predecessor-version":[{"id":1205,"href":"https:\/\/fcmonswiller.fr\/index.php?rest_route=\/wp\/v2\/pages\/714\/revisions\/1205"}],"wp:attachment":[{"href":"https:\/\/fcmonswiller.fr\/index.php?rest_route=%2Fwp%2Fv2%2Fmedia&parent=714"}],"curies":[{"name":"wp","href":"https:\/\/api.w.org\/{rel}","templated":true}]}}